{"id":995,"date":"2025-07-02T14:27:37","date_gmt":"2025-07-02T12:27:37","guid":{"rendered":"https:\/\/n\u00e4sberg.nu\/?page_id=995"},"modified":"2025-08-19T19:10:58","modified_gmt":"2025-08-19T17:10:58","slug":"recept","status":"publish","type":"page","link":"https:\/\/n\u00e4sberg.nu\/index.php\/recept\/","title":{"rendered":"Recept"},"content":{"rendered":"<p>H\u00e4r t\u00e4nkte vi samla lite recept som \u00e4r l\u00e4mpliga att laga i N\u00e4sberg.<\/p>\n<p><img loading=\"lazy\" decoding=\"async\" class=\"alignnone wp-image-614 size-medium\" src=\"https:\/\/n\u00e4sberg.nu\/wp-content\/uploads\/2024\/07\/240720-3-300x225.jpg\" alt=\"\" width=\"300\" height=\"225\" srcset=\"https:\/\/n\u00e4sberg.nu\/wp-content\/uploads\/2024\/07\/240720-3-300x225.jpg 300w, https:\/\/n\u00e4sberg.nu\/wp-content\/uploads\/2024\/07\/240720-3-768x576.jpg 768w, https:\/\/n\u00e4sberg.nu\/wp-content\/uploads\/2024\/07\/240720-3.jpg 1024w\" sizes=\"auto, (max-width: 300px) 100vw, 300px\" \/><br \/>\n<em>Mina traditionella grillspett vid sl\u00e5ttern.<\/em><\/p>\n<p>Till en b\u00f6rjan kommer allt att vara ihopklumpat i bokstavsordning, men p\u00e5 sikt kommer vi troligen att dela upp de i n\u00e5gon form av kategorier.<\/p>\n<ul>\n<li><a href=\"https:\/\/n\u00e4sberg.nu\/index.php\/recept\/grillspett\/\">Grillspett<\/a><\/li>\n<li><a href=\"https:\/\/n\u00e4sberg.nu\/index.php\/recept\/kolbulle\/\">Kolbulle<\/a><\/li>\n<li>N\u00e4sbergspl\u00e4ttar (jag h\u00e5ller p\u00e5 att leta receptet p\u00e5 dessa&#8230;)<\/li>\n<\/ul>\n<p>&nbsp;<\/p>\n<p>Har du n\u00e5got recept du vill dela med dig av, h\u00f6r av dig till Bj\u00f6rn d\u00e5 via <a href=\"mailto:bjornel@gmail.com\">mail<\/a> (ange g\u00e4rna Recept N\u00e4sberg som \u00e4mne).<\/p>\n","protected":false},"excerpt":{"rendered":"<p>H\u00e4r t\u00e4nkte vi samla lite recept som \u00e4r l\u00e4mpliga att laga i N\u00e4sberg. Mina traditionella grillspett vid sl\u00e5ttern. Till en b\u00f6rjan kommer allt att vara ihopklumpat i bokstavsordning, men p\u00e5 sikt kommer vi troligen att dela upp de i n\u00e5gon &hellip; <a href=\"https:\/\/n\u00e4sberg.nu\/index.php\/recept\/\">Forts\u00e4tt l\u00e4sa <span class=\"meta-nav\">&rarr;<\/span><\/a><\/p>\n","protected":false},"author":2,"featured_media":0,"parent":0,"menu_order":0,"comment_status":"closed","ping_status":"closed","template":"","meta":{"inline_featured_image":false,"_monsterinsights_skip_tracking":false,"_monsterinsights_sitenote_active":false,"_monsterinsights_sitenote_note":"","_monsterinsights_sitenote_category":0,"footnotes":""},"class_list":["post-995","page","type-page","status-publish","hentry"],"_links":{"self":[{"href":"https:\/\/n\u00e4sberg.nu\/index.php\/wp-json\/wp\/v2\/pages\/995","targetHints":{"allow":["GET"]}}],"collection":[{"href":"https:\/\/n\u00e4sberg.nu\/index.php\/wp-json\/wp\/v2\/pages"}],"about":[{"href":"https:\/\/n\u00e4sberg.nu\/index.php\/wp-json\/wp\/v2\/types\/page"}],"author":[{"embeddable":true,"href":"https:\/\/n\u00e4sberg.nu\/index.php\/wp-json\/wp\/v2\/users\/2"}],"replies":[{"embeddable":true,"href":"https:\/\/n\u00e4sberg.nu\/index.php\/wp-json\/wp\/v2\/comments?post=995"}],"version-history":[{"count":10,"href":"https:\/\/n\u00e4sberg.nu\/index.php\/wp-json\/wp\/v2\/pages\/995\/revisions"}],"predecessor-version":[{"id":1129,"href":"https:\/\/n\u00e4sberg.nu\/index.php\/wp-json\/wp\/v2\/pages\/995\/revisions\/1129"}],"wp:attachment":[{"href":"https:\/\/n\u00e4sberg.nu\/index.php\/wp-json\/wp\/v2\/media?parent=995"}],"curies":[{"name":"wp","href":"https:\/\/api.w.org\/{rel}","templated":true}]}}