{"id":87,"date":"2023-08-04T21:49:01","date_gmt":"2023-08-04T20:49:01","guid":{"rendered":"http:\/\/xn--nsberg-bua.nu\/?page_id=87"},"modified":"2024-03-18T19:16:41","modified_gmt":"2024-03-18T18:16:41","slug":"facebook","status":"publish","type":"page","link":"https:\/\/n\u00e4sberg.nu\/index.php\/om\/facebook\/","title":{"rendered":"Facebook"},"content":{"rendered":"<p><a href=\"https:\/\/www.facebook.com\/groups\/811531732280653\"><img loading=\"lazy\" decoding=\"async\" class=\"size-full wp-image-156 aligncenter\" src=\"http:\/\/xn--nsberg-bua.nu\/wp-content\/uploads\/2023\/08\/FB.jpg\" alt=\"\" width=\"325\" height=\"325\" srcset=\"https:\/\/n\u00e4sberg.nu\/wp-content\/uploads\/2023\/08\/FB.jpg 325w, https:\/\/n\u00e4sberg.nu\/wp-content\/uploads\/2023\/08\/FB-300x300.jpg 300w, https:\/\/n\u00e4sberg.nu\/wp-content\/uploads\/2023\/08\/FB-150x150.jpg 150w\" sizes=\"auto, (max-width: 325px) 100vw, 325px\" \/><\/a><\/p>\n<p>Det finns en grupp p\u00e5 facebook, d\u00e4r vi delar information om aktiviteter samt att medlemmar i gruppen delar bilder och andra medier.<\/p>\n<p>Bes\u00f6k facebookgruppen <a href=\"https:\/\/www.facebook.com\/groups\/811531732280653\">h\u00e4r<\/a>.<\/p>\n","protected":false},"excerpt":{"rendered":"<p>Det finns en grupp p\u00e5 facebook, d\u00e4r vi delar information om aktiviteter samt att medlemmar i gruppen delar bilder och andra medier. Bes\u00f6k facebookgruppen h\u00e4r.<\/p>\n","protected":false},"author":2,"featured_media":0,"parent":11,"menu_order":0,"comment_status":"closed","ping_status":"closed","template":"","meta":{"inline_featured_image":false,"_monsterinsights_skip_tracking":false,"_monsterinsights_sitenote_active":false,"_monsterinsights_sitenote_note":"","_monsterinsights_sitenote_category":0,"footnotes":""},"class_list":["post-87","page","type-page","status-publish","hentry"],"_links":{"self":[{"href":"https:\/\/n\u00e4sberg.nu\/index.php\/wp-json\/wp\/v2\/pages\/87","targetHints":{"allow":["GET"]}}],"collection":[{"href":"https:\/\/n\u00e4sberg.nu\/index.php\/wp-json\/wp\/v2\/pages"}],"about":[{"href":"https:\/\/n\u00e4sberg.nu\/index.php\/wp-json\/wp\/v2\/types\/page"}],"author":[{"embeddable":true,"href":"https:\/\/n\u00e4sberg.nu\/index.php\/wp-json\/wp\/v2\/users\/2"}],"replies":[{"embeddable":true,"href":"https:\/\/n\u00e4sberg.nu\/index.php\/wp-json\/wp\/v2\/comments?post=87"}],"version-history":[{"count":5,"href":"https:\/\/n\u00e4sberg.nu\/index.php\/wp-json\/wp\/v2\/pages\/87\/revisions"}],"predecessor-version":[{"id":381,"href":"https:\/\/n\u00e4sberg.nu\/index.php\/wp-json\/wp\/v2\/pages\/87\/revisions\/381"}],"up":[{"embeddable":true,"href":"https:\/\/n\u00e4sberg.nu\/index.php\/wp-json\/wp\/v2\/pages\/11"}],"wp:attachment":[{"href":"https:\/\/n\u00e4sberg.nu\/index.php\/wp-json\/wp\/v2\/media?parent=87"}],"curies":[{"name":"wp","href":"https:\/\/api.w.org\/{rel}","templated":true}]}}