{"id":72,"date":"2023-08-04T21:33:48","date_gmt":"2023-08-04T20:33:48","guid":{"rendered":"http:\/\/xn--nsberg-bua.nu\/?page_id=72"},"modified":"2026-03-26T22:45:24","modified_gmt":"2026-03-26T20:45:24","slug":"arsstamma","status":"publish","type":"page","link":"https:\/\/n\u00e4sberg.nu\/index.php\/aktiviteter\/arsstamma\/","title":{"rendered":"\u00c5rsst\u00e4mma"},"content":{"rendered":"<p>Givetvis m\u00e5ste vi ha en \u00e5rsst\u00e4mma en g\u00e5ng per \u00e5r.<\/p>\n<p><img loading=\"lazy\" decoding=\"async\" class=\"alignnone wp-image-108\" src=\"http:\/\/xn--nsberg-bua.nu\/wp-content\/uploads\/2023\/08\/arsstamma-300x208.jpg\" alt=\"\" width=\"359\" height=\"249\" srcset=\"https:\/\/n\u00e4sberg.nu\/wp-content\/uploads\/2023\/08\/arsstamma-300x208.jpg 300w, https:\/\/n\u00e4sberg.nu\/wp-content\/uploads\/2023\/08\/arsstamma-768x532.jpg 768w, https:\/\/n\u00e4sberg.nu\/wp-content\/uploads\/2023\/08\/arsstamma.jpg 780w\" sizes=\"auto, (max-width: 359px) 100vw, 359px\" \/><\/p>\n<p>En grundbult i den samf\u00e4llda f\u00f6reningen, vars syfte \u00e4r att informera kring det ekonomiska i samf\u00e4lligheten, besluta om styrelseposter, diskutera framst\u00e4llningar fr\u00e5n styrelsen och motioner fr\u00e5n del\u00e4gare samt diskussionsstund f\u00f6r \u00f6vriga fr\u00e5gor.<\/p>\n<p>Allt f\u00f6r att vi skall ha en v\u00e4l fungerande f\u00e4bod och samf\u00e4llighetsf\u00f6rening i vilken alla fastighets\u00e4gare \u00e4r del\u00e4gare i.<\/p>\n<p>V\u00e5rat huvudsyfte \u00e4r att v\u00e5rda f\u00e4boden, tillse till att samf\u00e4llda v\u00e4gar \u00e4r i gott skick, att inte f\u00e4boden v\u00e4xer igen. Sen att skapa aktiviteter f\u00f6r att fr\u00e4mja sammanh\u00e5llningen och bevara f\u00e4boden f\u00f6r framtiden \u00e4r gr\u00e4dden p\u00e5 moset!<\/p>\n<p>Kan du inte delta s\u00e5 kan du g\u00f6ra din r\u00f6st h\u00f6rd genom en fullmakt, som skall l\u00e4mnas in innan m\u00f6tet b\u00f6rjar. Vi kommer att l\u00e4gga upp en fullmaktsmall h\u00e4r inom kort.<\/p>\n","protected":false},"excerpt":{"rendered":"<p>Givetvis m\u00e5ste vi ha en \u00e5rsst\u00e4mma en g\u00e5ng per \u00e5r. En grundbult i den samf\u00e4llda f\u00f6reningen, vars syfte \u00e4r att informera kring det ekonomiska i samf\u00e4lligheten, besluta om styrelseposter, diskutera framst\u00e4llningar fr\u00e5n styrelsen och motioner fr\u00e5n del\u00e4gare samt diskussionsstund f\u00f6r &hellip; <a href=\"https:\/\/n\u00e4sberg.nu\/index.php\/aktiviteter\/arsstamma\/\">Forts\u00e4tt l\u00e4sa <span class=\"meta-nav\">&rarr;<\/span><\/a><\/p>\n","protected":false},"author":2,"featured_media":0,"parent":63,"menu_order":2,"comment_status":"closed","ping_status":"closed","template":"","meta":{"inline_featured_image":false,"_monsterinsights_skip_tracking":false,"_monsterinsights_sitenote_active":false,"_monsterinsights_sitenote_note":"","_monsterinsights_sitenote_category":0,"footnotes":""},"class_list":["post-72","page","type-page","status-publish","hentry"],"_links":{"self":[{"href":"https:\/\/n\u00e4sberg.nu\/index.php\/wp-json\/wp\/v2\/pages\/72","targetHints":{"allow":["GET"]}}],"collection":[{"href":"https:\/\/n\u00e4sberg.nu\/index.php\/wp-json\/wp\/v2\/pages"}],"about":[{"href":"https:\/\/n\u00e4sberg.nu\/index.php\/wp-json\/wp\/v2\/types\/page"}],"author":[{"embeddable":true,"href":"https:\/\/n\u00e4sberg.nu\/index.php\/wp-json\/wp\/v2\/users\/2"}],"replies":[{"embeddable":true,"href":"https:\/\/n\u00e4sberg.nu\/index.php\/wp-json\/wp\/v2\/comments?post=72"}],"version-history":[{"count":17,"href":"https:\/\/n\u00e4sberg.nu\/index.php\/wp-json\/wp\/v2\/pages\/72\/revisions"}],"predecessor-version":[{"id":1261,"href":"https:\/\/n\u00e4sberg.nu\/index.php\/wp-json\/wp\/v2\/pages\/72\/revisions\/1261"}],"up":[{"embeddable":true,"href":"https:\/\/n\u00e4sberg.nu\/index.php\/wp-json\/wp\/v2\/pages\/63"}],"wp:attachment":[{"href":"https:\/\/n\u00e4sberg.nu\/index.php\/wp-json\/wp\/v2\/media?parent=72"}],"curies":[{"name":"wp","href":"https:\/\/api.w.org\/{rel}","templated":true}]}}