{"id":70,"date":"2023-08-04T21:32:00","date_gmt":"2023-08-04T20:32:00","guid":{"rendered":"http:\/\/xn--nsberg-bua.nu\/?page_id=70"},"modified":"2026-03-26T22:47:01","modified_gmt":"2026-03-26T20:47:01","slug":"slatterdag","status":"publish","type":"page","link":"https:\/\/n\u00e4sberg.nu\/index.php\/aktiviteter\/slatterdag\/","title":{"rendered":"Sl\u00e5tterdag"},"content":{"rendered":"<p>Varje \u00e5r har vi en sl\u00e5tterdag, alltid helgen vecka 29.<\/p>\n<p>Syftet med den \u00e4r att h\u00e5lla f\u00e4boden \u00f6ppen s\u00e5 att den inte f\u00f6rvildas och v\u00e4xer igen helt.<\/p>\n<p>I grunden ansvarar man f\u00f6r att h\u00e5lla sin egna tomt slagen \u00f6vrig tid p\u00e5 \u00e5ret och p\u00e5 sj\u00e4lva sl\u00e5tterdagen fokuserar vi p\u00e5 all samf\u00e4lld mark. S\u00e5som lindor och andra gemensamma ytor. Givetvis \u00f6nskar vi att s\u00e5 m\u00e5nga som m\u00f6jligt har m\u00f6jlighet att delta i denna aktiviteten, eftersom d\u00e5 g\u00e5r det fortare att bli klara.<\/p>\n<p>2025 bj\u00f6d &#8221;midsommargruppen&#8221; p\u00e5 elvakaffe som ett uppskattat inslag under arbetsdagen. Dels f\u00f6r att kunna prata lite med andra N\u00e4sbergare och f\u00e5 i sig lite gott, i form av fika med br\u00f6d, kakor, varm och kall dryck.<\/p>\n<p>Kan du inte delta exakt p\u00e5 sl\u00e5tterdagen s\u00e5 \u00e4r det ingen st\u00f6rre fara, r\u00f6j av p\u00e5 din tomt lite f\u00f6re eller lite efter, vill du bidra fr\u00e5ga n\u00e5gon i styrelsen s\u00e5 kan du f\u00e5 anvisningar att r\u00f6ja p\u00e5 en del av den samf\u00e4llda marken (<em>dock inte f\u00f6re den 15 juli<\/em>).<\/p>\n<p>Man kan sl\u00e5 med r\u00f6js\u00e5g, lie, sl\u00e5ttermaskin eller sl\u00e5tterbalk. Det slagna gr\u00e4set samlas ihop och traktor\/ATV med sl\u00e4p och fraktas till gr\u00e4stippen (inofficiellt namn &#8221;<em>N\u00e4stippen<\/em>&#8221;) vid huvudv\u00e4gen upp, mittemellan k\u00e4llan (spjutkeldu) och pringelb\u00e4cken.<\/p>\n<p><img loading=\"lazy\" decoding=\"async\" class=\"alignnone size-full wp-image-1029\" src=\"https:\/\/n\u00e4sberg.nu\/wp-content\/uploads\/2025\/07\/250712-slattermaskin.jpg\" alt=\"\" width=\"1024\" height=\"768\" srcset=\"https:\/\/n\u00e4sberg.nu\/wp-content\/uploads\/2025\/07\/250712-slattermaskin.jpg 1024w, https:\/\/n\u00e4sberg.nu\/wp-content\/uploads\/2025\/07\/250712-slattermaskin-300x225.jpg 300w, https:\/\/n\u00e4sberg.nu\/wp-content\/uploads\/2025\/07\/250712-slattermaskin-768x576.jpg 768w\" sizes=\"auto, (max-width: 1024px) 100vw, 1024px\" \/><em>Evas sl\u00e5ttermaskin fr\u00e5n 1934, som vi drar bakom en ATV.<\/em><\/p>\n<p>Ibland \u00e4r det mer \u00e4n gr\u00e4s som m\u00e5ste sl\u00e5s och d\u00e5 f\u00e5r man ta till klingan, n\u00e4r det v\u00e4xt upp sly. Och eftersom sly efter en stund eller tv\u00e5 v\u00e4xer till sig och blir st\u00f6rre och d\u00e5 v\u00e4xer omgivningar igen. D\u00e4rf\u00f6r \u00e4r det viktigt att h\u00e5lla efter om man vill forts\u00e4tta att ha en \u00f6ppen f\u00e4bod.<\/p>\n<p><a href=\"https:\/\/n\u00e4sberg.nu\/index.php\/aktiviteter\/arbetsdag\/\">Arbetsdagen<\/a> under h\u00f6sten \u00e4r lite av en sekund\u00e4r sl\u00e5tterdag med inriktning p\u00e5 klingr\u00f6js\u00e5gande.<\/p>\n<p>P\u00e5 sl\u00e5tterdagen h\u00e5ller vi efter v\u00e4xtlighet p\u00e5 samf\u00e4llda ytor, till exempel kring de st\u00f6rre v\u00e4garna, men \u00e4ven l\u00e4ngre i den sydv\u00e4stra delen av f\u00e4boden.<\/p>\n<p><img loading=\"lazy\" decoding=\"async\" class=\"alignnone wp-image-252\" src=\"http:\/\/xn--nsberg-bua.nu\/wp-content\/uploads\/2023\/11\/231016-grastippen-225x300.jpg\" alt=\"\" width=\"400\" height=\"533\" srcset=\"https:\/\/n\u00e4sberg.nu\/wp-content\/uploads\/2023\/11\/231016-grastippen-225x300.jpg 225w, https:\/\/n\u00e4sberg.nu\/wp-content\/uploads\/2023\/11\/231016-grastippen-768x1024.jpg 768w, https:\/\/n\u00e4sberg.nu\/wp-content\/uploads\/2023\/11\/231016-grastippen-1152x1536.jpg 1152w, https:\/\/n\u00e4sberg.nu\/wp-content\/uploads\/2023\/11\/231016-grastippen.jpg 1500w\" sizes=\"auto, (max-width: 400px) 100vw, 400px\" \/><br \/>\n<em>Observera att man endast f\u00e5r tippa gr\u00e4s och mindre sly p\u00e5 &#8221;n\u00e4stippen&#8221;.<\/em><\/p>\n<h3><strong>L\u00e4s mer om EU-zonerna <a href=\"https:\/\/n\u00e4sberg.nu\/index.php\/om\/eu-zoner\/\">H\u00c4R<\/a>.<\/strong><\/h3>\n<p>Och inom <strong>EU-zonerna<\/strong> s\u00e5 f\u00e5r du absolut <strong>INTE<\/strong> sl\u00e5 med till exempel gr\u00e4sklippare, r\u00f6js\u00e5g\/gr\u00e4strimmer eller betesputs.<\/p>\n<p>G\u00f6rs detta s\u00e5 kan det EU-bidraget p\u00e5verkas, som vi f\u00e5r f\u00f6r att sk\u00f6ta de p\u00e5 ett visst s\u00e4tt vid eventuella oanm\u00e4lda kontroller. Och eftersom detta bidrag \u00e4r en viktig pusselbit i samf\u00e4llighetens ekonomi, s\u00e5 \u00e4r det v\u00e4ldigt viktigt att vi sk\u00f6ter oss.<\/p>\n<p><img loading=\"lazy\" decoding=\"async\" class=\"alignnone wp-image-96 size-large\" src=\"http:\/\/xn--nsberg-bua.nu\/wp-content\/uploads\/2023\/08\/slatterdag-2021-1024x576.jpg\" alt=\"\" width=\"640\" height=\"360\" srcset=\"https:\/\/n\u00e4sberg.nu\/wp-content\/uploads\/2023\/08\/slatterdag-2021-1024x576.jpg 1024w, https:\/\/n\u00e4sberg.nu\/wp-content\/uploads\/2023\/08\/slatterdag-2021-300x169.jpg 300w, https:\/\/n\u00e4sberg.nu\/wp-content\/uploads\/2023\/08\/slatterdag-2021-768x432.jpg 768w, https:\/\/n\u00e4sberg.nu\/wp-content\/uploads\/2023\/08\/slatterdag-2021.jpg 1200w\" sizes=\"auto, (max-width: 640px) 100vw, 640px\" \/><br \/>\n<em>En h\u00e4ssja vid samlingsplatsen under sl\u00e5tterdagen 2021, &#8221;knastallen&#8221; i bakgrunden.<\/em><\/p>\n<p>Samf\u00e4llighetsf\u00f6reningen \u00e4ger och f\u00f6rvaltar tre stycken sl\u00e5tterbalkar. Och de ger en lite sp\u00e4nnande utmaning att lyckas f\u00e5 alla tre att rulla samtidigt, speciellt sommaren 2023 d\u00e5 vi blev utan traktor med sl\u00e5ttermaskin p\u00e5 st\u00f6rre EU-lindor.<\/p>\n<p>Alltid n\u00e5got nytt som g\u00e5r s\u00f6nder, tur att vi har en Adde &#8221;<strong>MacGyver<\/strong>&#8221; Adolfsson som kan hitta l\u00f6sningar p\u00e5 flesta av problemen som dyker upp!<\/p>\n<p>Men givetvis r\u00e5kar alla vara hela s\u00e5 \u00e4r v\u00e4dret trasigt ist\u00e4llet&#8230;<\/p>\n<p>Den \u00e4ldsta \u00e4r cirka 30 \u00e5r gammal s\u00e5 den beh\u00f6ver snart g\u00e5 i pension och ers\u00e4ttas med en ny, en puck f\u00f6r styrelsen att jobba med.<\/p>\n<p><img loading=\"lazy\" decoding=\"async\" class=\"alignnone size-full wp-image-805\" src=\"https:\/\/n\u00e4sberg.nu\/wp-content\/uploads\/2025\/01\/240720-2.jpg\" alt=\"\" width=\"1024\" height=\"769\" srcset=\"https:\/\/n\u00e4sberg.nu\/wp-content\/uploads\/2025\/01\/240720-2.jpg 1024w, https:\/\/n\u00e4sberg.nu\/wp-content\/uploads\/2025\/01\/240720-2-300x225.jpg 300w, https:\/\/n\u00e4sberg.nu\/wp-content\/uploads\/2025\/01\/240720-2-768x577.jpg 768w\" sizes=\"auto, (max-width: 1024px) 100vw, 1024px\" \/><br \/>\n<em>Traktorn kommer! Dags att b\u00f6rja lasta! Bild fr\u00e5n sl\u00e5tterdagen 2024.<\/em><\/p>\n<p>&nbsp;<\/p>\n","protected":false},"excerpt":{"rendered":"<p>Varje \u00e5r har vi en sl\u00e5tterdag, alltid helgen vecka 29. Syftet med den \u00e4r att h\u00e5lla f\u00e4boden \u00f6ppen s\u00e5 att den inte f\u00f6rvildas och v\u00e4xer igen helt. I grunden ansvarar man f\u00f6r att h\u00e5lla sin egna tomt slagen \u00f6vrig tid &hellip; <a href=\"https:\/\/n\u00e4sberg.nu\/index.php\/aktiviteter\/slatterdag\/\">Forts\u00e4tt l\u00e4sa <span class=\"meta-nav\">&rarr;<\/span><\/a><\/p>\n","protected":false},"author":2,"featured_media":0,"parent":63,"menu_order":8,"comment_status":"closed","ping_status":"closed","template":"","meta":{"inline_featured_image":false,"_monsterinsights_skip_tracking":false,"_monsterinsights_sitenote_active":false,"_monsterinsights_sitenote_note":"","_monsterinsights_sitenote_category":0,"footnotes":""},"class_list":["post-70","page","type-page","status-publish","hentry"],"_links":{"self":[{"href":"https:\/\/n\u00e4sberg.nu\/index.php\/wp-json\/wp\/v2\/pages\/70","targetHints":{"allow":["GET"]}}],"collection":[{"href":"https:\/\/n\u00e4sberg.nu\/index.php\/wp-json\/wp\/v2\/pages"}],"about":[{"href":"https:\/\/n\u00e4sberg.nu\/index.php\/wp-json\/wp\/v2\/types\/page"}],"author":[{"embeddable":true,"href":"https:\/\/n\u00e4sberg.nu\/index.php\/wp-json\/wp\/v2\/users\/2"}],"replies":[{"embeddable":true,"href":"https:\/\/n\u00e4sberg.nu\/index.php\/wp-json\/wp\/v2\/comments?post=70"}],"version-history":[{"count":34,"href":"https:\/\/n\u00e4sberg.nu\/index.php\/wp-json\/wp\/v2\/pages\/70\/revisions"}],"predecessor-version":[{"id":1260,"href":"https:\/\/n\u00e4sberg.nu\/index.php\/wp-json\/wp\/v2\/pages\/70\/revisions\/1260"}],"up":[{"embeddable":true,"href":"https:\/\/n\u00e4sberg.nu\/index.php\/wp-json\/wp\/v2\/pages\/63"}],"wp:attachment":[{"href":"https:\/\/n\u00e4sberg.nu\/index.php\/wp-json\/wp\/v2\/media?parent=70"}],"curies":[{"name":"wp","href":"https:\/\/api.w.org\/{rel}","templated":true}]}}