{"id":68,"date":"2023-08-04T21:28:28","date_gmt":"2023-08-04T20:28:28","guid":{"rendered":"http:\/\/xn--nsberg-bua.nu\/?page_id=68"},"modified":"2026-03-26T22:46:33","modified_gmt":"2026-03-26T20:46:33","slug":"fabodgudstjanst","status":"publish","type":"page","link":"https:\/\/n\u00e4sberg.nu\/index.php\/aktiviteter\/fabodgudstjanst\/","title":{"rendered":"F\u00e4bodgudstj\u00e4nst"},"content":{"rendered":"<p>Information om denna finns p\u00e5 Moras sektion p\u00e5 <a href=\"https:\/\/www.svenskakyrkan.se\/mora\">svenskakyrkan.se<\/a>, vi informerar s\u00e5 snart datumet \u00e4r spikat.<\/p>\n<p>Denna aktivitet h\u00e4nder i regel s\u00f6ndagen efter N\u00e4sbergs midsommar (som infaller l\u00f6rdagen helgen efter den &#8221;riktiga&#8221; midsommaren).<\/p>\n<p>F\u00e4bodgudstj\u00e4nsten h\u00e5lls uppe vid ladan och v\u00e5ran majst\u00e5ng, vi d\u00e5ligt v\u00e4der g\u00e5r vi in i ladan.<\/p>\n<p><img loading=\"lazy\" decoding=\"async\" class=\"alignnone wp-image-110\" src=\"http:\/\/xn--nsberg-bua.nu\/wp-content\/uploads\/2023\/08\/fabodgudstjanst-300x169.jpg\" alt=\"\" width=\"454\" height=\"256\" srcset=\"https:\/\/n\u00e4sberg.nu\/wp-content\/uploads\/2023\/08\/fabodgudstjanst-300x169.jpg 300w, https:\/\/n\u00e4sberg.nu\/wp-content\/uploads\/2023\/08\/fabodgudstjanst-768x432.jpg 768w, https:\/\/n\u00e4sberg.nu\/wp-content\/uploads\/2023\/08\/fabodgudstjanst.jpg 800w\" sizes=\"auto, (max-width: 454px) 100vw, 454px\" \/><br \/>\n<em>Foto l\u00e5nat av Johannas Bud, svenska kyrkan.<\/em><\/p>\n","protected":false},"excerpt":{"rendered":"<p>Information om denna finns p\u00e5 Moras sektion p\u00e5 svenskakyrkan.se, vi informerar s\u00e5 snart datumet \u00e4r spikat. Denna aktivitet h\u00e4nder i regel s\u00f6ndagen efter N\u00e4sbergs midsommar (som infaller l\u00f6rdagen helgen efter den &#8221;riktiga&#8221; midsommaren). F\u00e4bodgudstj\u00e4nsten h\u00e5lls uppe vid ladan och v\u00e5ran &hellip; <a href=\"https:\/\/n\u00e4sberg.nu\/index.php\/aktiviteter\/fabodgudstjanst\/\">Forts\u00e4tt l\u00e4sa <span class=\"meta-nav\">&rarr;<\/span><\/a><\/p>\n","protected":false},"author":2,"featured_media":0,"parent":63,"menu_order":6,"comment_status":"closed","ping_status":"closed","template":"","meta":{"inline_featured_image":false,"_monsterinsights_skip_tracking":false,"_monsterinsights_sitenote_active":false,"_monsterinsights_sitenote_note":"","_monsterinsights_sitenote_category":0,"footnotes":""},"class_list":["post-68","page","type-page","status-publish","hentry"],"_links":{"self":[{"href":"https:\/\/n\u00e4sberg.nu\/index.php\/wp-json\/wp\/v2\/pages\/68","targetHints":{"allow":["GET"]}}],"collection":[{"href":"https:\/\/n\u00e4sberg.nu\/index.php\/wp-json\/wp\/v2\/pages"}],"about":[{"href":"https:\/\/n\u00e4sberg.nu\/index.php\/wp-json\/wp\/v2\/types\/page"}],"author":[{"embeddable":true,"href":"https:\/\/n\u00e4sberg.nu\/index.php\/wp-json\/wp\/v2\/users\/2"}],"replies":[{"embeddable":true,"href":"https:\/\/n\u00e4sberg.nu\/index.php\/wp-json\/wp\/v2\/comments?post=68"}],"version-history":[{"count":12,"href":"https:\/\/n\u00e4sberg.nu\/index.php\/wp-json\/wp\/v2\/pages\/68\/revisions"}],"predecessor-version":[{"id":1239,"href":"https:\/\/n\u00e4sberg.nu\/index.php\/wp-json\/wp\/v2\/pages\/68\/revisions\/1239"}],"up":[{"embeddable":true,"href":"https:\/\/n\u00e4sberg.nu\/index.php\/wp-json\/wp\/v2\/pages\/63"}],"wp:attachment":[{"href":"https:\/\/n\u00e4sberg.nu\/index.php\/wp-json\/wp\/v2\/media?parent=68"}],"curies":[{"name":"wp","href":"https:\/\/api.w.org\/{rel}","templated":true}]}}