{"id":65,"date":"2023-08-04T21:27:06","date_gmt":"2023-08-04T20:27:06","guid":{"rendered":"http:\/\/xn--nsberg-bua.nu\/?page_id=65"},"modified":"2026-03-26T22:46:16","modified_gmt":"2026-03-26T20:46:16","slug":"midsommar","status":"publish","type":"page","link":"https:\/\/n\u00e4sberg.nu\/index.php\/aktiviteter\/midsommar\/","title":{"rendered":"Midsommar"},"content":{"rendered":"<p>Detta \u00e4r i regel det f\u00f6rsta st\u00f6rre gemensamma evenemanget uppe i N\u00e4sberg.<\/p>\n<p>D\u00e5 vi varje \u00e5r har en traditionell majst\u00e5ngsresning p\u00e5 l\u00f6rdagen efter midsommarhelgen, en ganska v\u00e4lbes\u00f6kt och mycket uppskattad aktivitet.<\/p>\n<p>Majst\u00e5ngsresningen vid aktuell plats inleddes 1985, vilket \u00e4ven st\u00e5r skrivet p\u00e5 en skylt monterad p\u00e5 st\u00e5ngen tillsammans med V\u00e5mhus vapensk\u00f6ld och <strong>vi firade allts\u00e5 40 \u00e5r 2025!<\/strong><\/p>\n<p><img loading=\"lazy\" decoding=\"async\" class=\"alignnone wp-image-66\" src=\"http:\/\/xn--nsberg-bua.nu\/wp-content\/uploads\/2023\/08\/midsommarstang-nere-247x300.jpg\" alt=\"\" width=\"500\" height=\"607\" srcset=\"https:\/\/n\u00e4sberg.nu\/wp-content\/uploads\/2023\/08\/midsommarstang-nere-247x300.jpg 247w, https:\/\/n\u00e4sberg.nu\/wp-content\/uploads\/2023\/08\/midsommarstang-nere-768x932.jpg 768w, https:\/\/n\u00e4sberg.nu\/wp-content\/uploads\/2023\/08\/midsommarstang-nere.jpg 815w\" sizes=\"auto, (max-width: 500px) 100vw, 500px\" \/><br \/>\n<em>F\u00f6r att kunna resa majst\u00e5ngen m\u00e5ste den komma ner f\u00f6rst&#8230;<\/em><\/p>\n<p>Majst\u00e5ngen tas oftast ner veckan efter midsommar, dels f\u00f6r att vi ska hinna t\u00f6mma rankan och kransar fr\u00e5n f\u00f6reg\u00e5ende \u00e5rs l\u00f6v och blommor, samt s\u00e5 att sj\u00e4lva st\u00e5ngen kontrolleras s\u00e5 att den m\u00e5r bra eller om den beh\u00f6ver lite k\u00e4rlek i form av olja och s\u00e5.<\/p>\n<p>Sen b\u00f6rjar vi n\u00e4sbergsmidsommarl\u00f6rdagen med att samlas vi cirka klockan 10:00 vid ladan. D\u00e4r vi binder rankan och kransarna, f\u00f6r att sen kl\u00e4 majst\u00e5ngen s\u00e5 att den \u00e4r redo f\u00f6r majst\u00e5ngsresningen lite senare under dagen.<\/p>\n<p>Till detta kan du g\u00e4rna med dig ett glatt hum\u00f6r, lite blommor och kanske en sekat\u00f6r, l\u00f6vkvistar ordnar styrelsen.<\/p>\n<p>Och klockan 14:00 \u00e4r det sedan dags f\u00f6r sj\u00e4lva midsommarfirandet. Med hembakat fika (samt kaffe\/te\/saft), tipspromenad och liknande aktiviteter. Givetvis f\u00f6rs\u00f6ker vi best\u00e4lla vi fint v\u00e4der, men ibland \u00e4r det tyv\u00e4rr slut i lager.<\/p>\n<p>F\u00f6r att f\u00e5 ihop detta s\u00e5 har vi har en arbetsgrupp (som kallas \u201dMidsommargruppen\u201d) som ser till att det bakas fikabr\u00f6d, kokas kaffe\/tevatten, blandas saft och skapar tipspromenader samt fixar vinster.<\/p>\n<p>H\u00f6r av dig om du \u00e4r intresserad av att hj\u00e4lpa till eller p\u00e5 n\u00e5got s\u00e4tt bidra (fika, vinster etc).<\/p>\n<p><img loading=\"lazy\" decoding=\"async\" class=\"alignnone wp-image-581\" src=\"https:\/\/n\u00e4sberg.nu\/wp-content\/uploads\/2024\/07\/240629-majstang-uppe.jpg\" alt=\"\" width=\"500\" height=\"667\" srcset=\"https:\/\/n\u00e4sberg.nu\/wp-content\/uploads\/2024\/07\/240629-majstang-uppe.jpg 768w, https:\/\/n\u00e4sberg.nu\/wp-content\/uploads\/2024\/07\/240629-majstang-uppe-225x300.jpg 225w\" sizes=\"auto, (max-width: 500px) 100vw, 500px\" \/><br \/>\n<em>Majst\u00e5ngen uppe den 29 juni 2024, Billen s\u00e4kerst\u00e4ller att den sitter som den ska.<\/em><\/p>\n","protected":false},"excerpt":{"rendered":"<p>Detta \u00e4r i regel det f\u00f6rsta st\u00f6rre gemensamma evenemanget uppe i N\u00e4sberg. D\u00e5 vi varje \u00e5r har en traditionell majst\u00e5ngsresning p\u00e5 l\u00f6rdagen efter midsommarhelgen, en ganska v\u00e4lbes\u00f6kt och mycket uppskattad aktivitet. Majst\u00e5ngsresningen vid aktuell plats inleddes 1985, vilket \u00e4ven st\u00e5r &hellip; <a href=\"https:\/\/n\u00e4sberg.nu\/index.php\/aktiviteter\/midsommar\/\">Forts\u00e4tt l\u00e4sa <span class=\"meta-nav\">&rarr;<\/span><\/a><\/p>\n","protected":false},"author":2,"featured_media":0,"parent":63,"menu_order":4,"comment_status":"closed","ping_status":"closed","template":"","meta":{"inline_featured_image":false,"_monsterinsights_skip_tracking":false,"_monsterinsights_sitenote_active":false,"_monsterinsights_sitenote_note":"","_monsterinsights_sitenote_category":0,"footnotes":""},"class_list":["post-65","page","type-page","status-publish","hentry"],"_links":{"self":[{"href":"https:\/\/n\u00e4sberg.nu\/index.php\/wp-json\/wp\/v2\/pages\/65","targetHints":{"allow":["GET"]}}],"collection":[{"href":"https:\/\/n\u00e4sberg.nu\/index.php\/wp-json\/wp\/v2\/pages"}],"about":[{"href":"https:\/\/n\u00e4sberg.nu\/index.php\/wp-json\/wp\/v2\/types\/page"}],"author":[{"embeddable":true,"href":"https:\/\/n\u00e4sberg.nu\/index.php\/wp-json\/wp\/v2\/users\/2"}],"replies":[{"embeddable":true,"href":"https:\/\/n\u00e4sberg.nu\/index.php\/wp-json\/wp\/v2\/comments?post=65"}],"version-history":[{"count":24,"href":"https:\/\/n\u00e4sberg.nu\/index.php\/wp-json\/wp\/v2\/pages\/65\/revisions"}],"predecessor-version":[{"id":1238,"href":"https:\/\/n\u00e4sberg.nu\/index.php\/wp-json\/wp\/v2\/pages\/65\/revisions\/1238"}],"up":[{"embeddable":true,"href":"https:\/\/n\u00e4sberg.nu\/index.php\/wp-json\/wp\/v2\/pages\/63"}],"wp:attachment":[{"href":"https:\/\/n\u00e4sberg.nu\/index.php\/wp-json\/wp\/v2\/media?parent=65"}],"curies":[{"name":"wp","href":"https:\/\/api.w.org\/{rel}","templated":true}]}}