{"id":63,"date":"2023-08-04T21:18:31","date_gmt":"2023-08-04T20:18:31","guid":{"rendered":"http:\/\/xn--nsberg-bua.nu\/?page_id=63"},"modified":"2026-01-18T12:51:27","modified_gmt":"2026-01-18T10:51:27","slug":"aktiviteter","status":"publish","type":"page","link":"https:\/\/n\u00e4sberg.nu\/index.php\/aktiviteter\/","title":{"rendered":"Aktiviteter"},"content":{"rendered":"<p>Anledningarna att man beger sig till N\u00e4sberg kan vara m\u00e5nga, men syftena idag \u00e4r andra \u00e4n vad det var f\u00f6r cirka ett halvsekel sedan. D\u00e5 det handlade mer om att l\u00e5ta sina djur beta i f\u00e4boden under sommaren f\u00f6r att spara p\u00e5 betet d\u00e4r hemma.<\/p>\n<p>Idag \u00e4r det mer f\u00f6r rekreation och ladda sina &#8221;batterier&#8221;. Kanske fixa lite p\u00e5 sin tomt, med stugan eller liknande, laga det som \u00e4r trasigt, ordna med ved. Men \u00e4ven att bara vara, \u00e4ta och dricka gott i s\u00e4llskap och fram\u00e5t h\u00f6sten kanske f\u00f6r att s\u00f6ka lyckan efter b\u00e4r eller svamp i n\u00e4romr\u00e5det.<\/p>\n<p>Starkaste s\u00e4songen \u00e4r v\u00e4l \u00e4nd\u00e5 sommarhalv\u00e5ret \u00e4ven om det \u00e4r fantastiskt fint \u00e4ven p\u00e5 vintern.<\/p>\n<p>Styrelsen i samf\u00e4lligheten jobbar med att skapa gemsamma aktiviteter fr\u00e4mst under sommartid i f\u00e4boden.<\/p>\n<h3><strong>De fyra st\u00f6rsta aktiviteterna i N\u00e4sberg (i kronologisk ordning):<\/strong><\/h3>\n<ul>\n<li><a href=\"https:\/\/n\u00e4sberg.nu\/index.php\/aktiviteter\/midsommar\/\">Midsommar<\/a> &#8211; (alltid l\u00f6rdagen helgen efter midsommar sedan 1985)<\/li>\n<li><a href=\"https:\/\/n\u00e4sberg.nu\/index.php\/aktiviteter\/fabodgudstjanst\/\">F\u00e4bodgudstjansten<\/a> &#8211; (ibland \u00e4ven med plusmeny i form av dop eller liknande)<\/li>\n<li><a href=\"http:\/\/xn--nsberg-bua.nu\/index.php\/aktiviteter\/slatterdag\/\">Sl\u00e5tterdag<\/a> &#8211; (f\u00f6r att h\u00e5lla f\u00e4boden \u00f6ppen och inte f\u00f6rvildas och v\u00e4xa igen)<\/li>\n<li><a href=\"https:\/\/n\u00e4sberg.nu\/index.php\/aktiviteter\/arsstamma\/\">\u00c5rsst\u00e4mma<\/a> &#8211; (det \u00e5rliga m\u00f6tet f\u00f6r att sammanfatta det senaste \u00e5ret)<\/li>\n<\/ul>\n<h3><strong>Sen har vi en stark bubblare:<\/strong><\/h3>\n<ul>\n<li><a href=\"https:\/\/n\u00e4sberg.nu\/index.php\/aktiviteter\/arbetsdag\/\">Arbetsdagen<\/a> (lite som en andra sl\u00e5tterdag och f\u00f6r att g\u00f6ra f\u00e4boden redo inf\u00f6r vintern).<\/li>\n<\/ul>\n<p><img loading=\"lazy\" decoding=\"async\" class=\"alignnone wp-image-138\" src=\"http:\/\/xn--nsberg-bua.nu\/wp-content\/uploads\/2023\/08\/midsommar2018.jpg\" alt=\"\" width=\"720\" height=\"546\" srcset=\"https:\/\/n\u00e4sberg.nu\/wp-content\/uploads\/2023\/08\/midsommar2018.jpg 960w, https:\/\/n\u00e4sberg.nu\/wp-content\/uploads\/2023\/08\/midsommar2018-300x228.jpg 300w, https:\/\/n\u00e4sberg.nu\/wp-content\/uploads\/2023\/08\/midsommar2018-768x582.jpg 768w\" sizes=\"auto, (max-width: 720px) 100vw, 720px\" \/><br \/>\n<em>En bild fr\u00e5n &#8221;vanliga&#8221; midsommar 2018.<\/em><\/p>\n","protected":false},"excerpt":{"rendered":"<p>Anledningarna att man beger sig till N\u00e4sberg kan vara m\u00e5nga, men syftena idag \u00e4r andra \u00e4n vad det var f\u00f6r cirka ett halvsekel sedan. D\u00e5 det handlade mer om att l\u00e5ta sina djur beta i f\u00e4boden under sommaren f\u00f6r att &hellip; <a href=\"https:\/\/n\u00e4sberg.nu\/index.php\/aktiviteter\/\">Forts\u00e4tt l\u00e4sa <span class=\"meta-nav\">&rarr;<\/span><\/a><\/p>\n","protected":false},"author":2,"featured_media":0,"parent":0,"menu_order":0,"comment_status":"closed","ping_status":"closed","template":"","meta":{"inline_featured_image":false,"_monsterinsights_skip_tracking":false,"_monsterinsights_sitenote_active":false,"_monsterinsights_sitenote_note":"","_monsterinsights_sitenote_category":0,"footnotes":""},"class_list":["post-63","page","type-page","status-publish","hentry"],"_links":{"self":[{"href":"https:\/\/n\u00e4sberg.nu\/index.php\/wp-json\/wp\/v2\/pages\/63","targetHints":{"allow":["GET"]}}],"collection":[{"href":"https:\/\/n\u00e4sberg.nu\/index.php\/wp-json\/wp\/v2\/pages"}],"about":[{"href":"https:\/\/n\u00e4sberg.nu\/index.php\/wp-json\/wp\/v2\/types\/page"}],"author":[{"embeddable":true,"href":"https:\/\/n\u00e4sberg.nu\/index.php\/wp-json\/wp\/v2\/users\/2"}],"replies":[{"embeddable":true,"href":"https:\/\/n\u00e4sberg.nu\/index.php\/wp-json\/wp\/v2\/comments?post=63"}],"version-history":[{"count":24,"href":"https:\/\/n\u00e4sberg.nu\/index.php\/wp-json\/wp\/v2\/pages\/63\/revisions"}],"predecessor-version":[{"id":1258,"href":"https:\/\/n\u00e4sberg.nu\/index.php\/wp-json\/wp\/v2\/pages\/63\/revisions\/1258"}],"wp:attachment":[{"href":"https:\/\/n\u00e4sberg.nu\/index.php\/wp-json\/wp\/v2\/media?parent=63"}],"curies":[{"name":"wp","href":"https:\/\/api.w.org\/{rel}","templated":true}]}}