{"id":53,"date":"2023-07-28T15:37:42","date_gmt":"2023-07-28T14:37:42","guid":{"rendered":"http:\/\/xn--nsberg-bua.nu\/?page_id=53"},"modified":"2025-12-28T18:32:18","modified_gmt":"2025-12-28T16:32:18","slug":"kakor","status":"publish","type":"page","link":"https:\/\/n\u00e4sberg.nu\/index.php\/om\/kakor\/","title":{"rendered":"Webbsidan"},"content":{"rendered":"<p><strong>Webbsidan<br \/>\n<\/strong>V\u00e5r webbsida baseras p\u00e5 wordpress f\u00f6r en enkel hantering och uppdatering av dess inneh\u00e5ll f\u00f6r oss.<\/p>\n<p>\u00c4ven i andra \u00e4ndan f\u00f6r dig \u00e4r det smidigt att bes\u00f6ka webbsidan, oavsett hur du v\u00e4ljer att bes\u00f6ker oss, om det s\u00e5 \u00e4r via en datormaskin, kl\u00f6sbr\u00e4da eller telefon.<\/p>\n<p><strong>Lite information om s\u00e5 kallade cookies<br \/>\n<\/strong>Cookies \u00e4r sm\u00e5 textfiler som l\u00e4ggs in i din enhet av de webbplatser du bes\u00f6ker.<\/p>\n<p>De anv\u00e4nds till stor del f\u00f6r att f\u00e5 webbplatsen att fungera, eller fungera effektivare, samt att ge information till sajtens \u00e4gare.<\/p>\n<p>Anv\u00e4ndningen av cookies (ibland kallade kakor) \u00e4r numera standard f\u00f6r de flesta webbplatser.<br \/>\nGivetvis h\u00e5ller vi alla kakor f\u00f6r oss sj\u00e4lv och l\u00e5ter inte n\u00e5gon annan att tugga p\u00e5 de.<\/p>\n<p><a href=\"https:\/\/daladatorer.se\/\"><img loading=\"lazy\" decoding=\"async\" class=\"alignnone size-full wp-image-472\" src=\"https:\/\/n\u00e4sberg.nu\/wp-content\/uploads\/2024\/05\/Daladatorer-IT-tjanster-pa-Dalmal-250.jpg\" alt=\"\" width=\"250\" height=\"45\" \/><\/a><\/p>\n<p><strong>Webbhotellet &#8211; Daladatorer<br \/>\n<\/strong>Dessutom g\u00e5r hemsidan p\u00e5 lokalodlad IT!<\/p>\n<p>Eftersom vi f\u00e5r bo hos <a href=\"https:\/\/daladatorer.se\/\"><strong>daladatorer<\/strong><\/a> p\u00e5 deras kontor i Mora. K\u00e4nns extra bra att lyfta fram och hylla lokala f\u00f6retag och deras fantastiska tj\u00e4nster. S\u00e5 har du behov av en webbsida, internetuppkoppling s\u00e5 kontakta de g\u00e4rna!<\/p>\n<p><strong>Google Analytics<br \/>\n<\/strong>Vi anv\u00e4nder \u00e4ven Google Analytics f\u00f6r att analysera hur m\u00e5nga som bes\u00f6ker oss och vid vilka tidpunkter, vilka inl\u00e4gg\/sidor som \u00e4r popul\u00e4ra och s\u00e5 vidare.<\/p>\n","protected":false},"excerpt":{"rendered":"<p>Webbsidan V\u00e5r webbsida baseras p\u00e5 wordpress f\u00f6r en enkel hantering och uppdatering av dess inneh\u00e5ll f\u00f6r oss. \u00c4ven i andra \u00e4ndan f\u00f6r dig \u00e4r det smidigt att bes\u00f6ka webbsidan, oavsett hur du v\u00e4ljer att bes\u00f6ker oss, om det s\u00e5 \u00e4r &hellip; <a href=\"https:\/\/n\u00e4sberg.nu\/index.php\/om\/kakor\/\">Forts\u00e4tt l\u00e4sa <span class=\"meta-nav\">&rarr;<\/span><\/a><\/p>\n","protected":false},"author":2,"featured_media":0,"parent":11,"menu_order":0,"comment_status":"closed","ping_status":"closed","template":"","meta":{"inline_featured_image":false,"_monsterinsights_skip_tracking":false,"_monsterinsights_sitenote_active":false,"_monsterinsights_sitenote_note":"","_monsterinsights_sitenote_category":0,"footnotes":""},"class_list":["post-53","page","type-page","status-publish","hentry"],"_links":{"self":[{"href":"https:\/\/n\u00e4sberg.nu\/index.php\/wp-json\/wp\/v2\/pages\/53","targetHints":{"allow":["GET"]}}],"collection":[{"href":"https:\/\/n\u00e4sberg.nu\/index.php\/wp-json\/wp\/v2\/pages"}],"about":[{"href":"https:\/\/n\u00e4sberg.nu\/index.php\/wp-json\/wp\/v2\/types\/page"}],"author":[{"embeddable":true,"href":"https:\/\/n\u00e4sberg.nu\/index.php\/wp-json\/wp\/v2\/users\/2"}],"replies":[{"embeddable":true,"href":"https:\/\/n\u00e4sberg.nu\/index.php\/wp-json\/wp\/v2\/comments?post=53"}],"version-history":[{"count":26,"href":"https:\/\/n\u00e4sberg.nu\/index.php\/wp-json\/wp\/v2\/pages\/53\/revisions"}],"predecessor-version":[{"id":1237,"href":"https:\/\/n\u00e4sberg.nu\/index.php\/wp-json\/wp\/v2\/pages\/53\/revisions\/1237"}],"up":[{"embeddable":true,"href":"https:\/\/n\u00e4sberg.nu\/index.php\/wp-json\/wp\/v2\/pages\/11"}],"wp:attachment":[{"href":"https:\/\/n\u00e4sberg.nu\/index.php\/wp-json\/wp\/v2\/media?parent=53"}],"curies":[{"name":"wp","href":"https:\/\/api.w.org\/{rel}","templated":true}]}}