{"id":40,"date":"2023-07-28T14:55:25","date_gmt":"2023-07-28T13:55:25","guid":{"rendered":"http:\/\/xn--nsberg-bua.nu\/?page_id=40"},"modified":"2025-04-23T21:40:44","modified_gmt":"2025-04-23T19:40:44","slug":"ladan","status":"publish","type":"page","link":"https:\/\/n\u00e4sberg.nu\/index.php\/ladan\/","title":{"rendered":"Ladan"},"content":{"rendered":"\r\n<p><em><img loading=\"lazy\" decoding=\"async\" class=\"alignnone  wp-image-31\" src=\"http:\/\/xn--nsberg-bua.nu\/wp-content\/uploads\/2023\/07\/230728_ladan-300x225.jpg\" alt=\"\" width=\"487\" height=\"365\" srcset=\"https:\/\/n\u00e4sberg.nu\/wp-content\/uploads\/2023\/07\/230728_ladan-300x225.jpg 300w, https:\/\/n\u00e4sberg.nu\/wp-content\/uploads\/2023\/07\/230728_ladan-768x576.jpg 768w, https:\/\/n\u00e4sberg.nu\/wp-content\/uploads\/2023\/07\/230728_ladan.jpg 1024w\" sizes=\"auto, (max-width: 487px) 100vw, 487px\" \/> <br \/>Ladan en ganska solig julidag 2023.<\/em><\/p>\r\n\r\n\r\n\r\n<p>Ladans syfte \u00e4r att ha en given samlingsplats vid aktiviteter i f\u00e4boden.<\/p>\r\n<p>Fr\u00e5n juni 2024 s\u00e5 har vi \u00e4ven placerat ett f\u00f6rstahj\u00e4lpen-kit i ladan, utifall olyckan skulle vara framme.<\/p>\r\n<p><img loading=\"lazy\" decoding=\"async\" class=\"alignnone wp-image-567\" src=\"https:\/\/n\u00e4sberg.nu\/wp-content\/uploads\/2024\/06\/240620-FHK.jpg\" alt=\"\" width=\"487\" height=\"649\" srcset=\"https:\/\/n\u00e4sberg.nu\/wp-content\/uploads\/2024\/06\/240620-FHK.jpg 768w, https:\/\/n\u00e4sberg.nu\/wp-content\/uploads\/2024\/06\/240620-FHK-225x300.jpg 225w\" sizes=\"auto, (max-width: 487px) 100vw, 487px\" \/><br \/><em>F\u00f6rstahj\u00e4lpen-kittet h\u00e4nger direkt till h\u00f6ger n\u00e4r man kommer in i ladan.<\/em><\/p>\r\n\r\n\r\n\r\n<p>Exempel p\u00e5 dessa aktiviteter \u00e4r <a href=\"http:\/\/xn--nsberg-bua.nu\/index.php\/aktiviteter\/midsommar\/\">midsommarfirande<\/a>, <a href=\"http:\/\/xn--nsberg-bua.nu\/index.php\/aktiviteter\/fabodgudstjanst\/\">f\u00e4bogudstj\u00e4nst<\/a>, <a href=\"http:\/\/xn--nsberg-bua.nu\/index.php\/aktiviteter\/slatterdag\/\">sl\u00e5tterdag<\/a>, <a href=\"https:\/\/n\u00e4sberg.nu\/index.php\/aktiviteter\/arsstamma\/\">\u00e5rsst\u00e4mma<\/a>, <a href=\"https:\/\/n\u00e4sberg.nu\/index.php\/aktiviteter\/arbetsdag\/\">arbetsdag<\/a>, grillkv\u00e4llar och liknande aktiviteter, f\u00f6r att fr\u00e4mja gemenskapen i den anrika f\u00e4boden N\u00e4sberg.<\/p>\r\n\r\n\r\n\r\n<p>Ladan sk\u00e4nktes till N\u00e4sbergs Samf\u00e4llighetsf\u00f6rening av Doris, Marianne och Gunnar Lassis samt Lars Tjernberg. Villkoret var att ladan flyttas fr\u00e5n sin tidigare plats och monteras p\u00e5 nytt i N\u00e4sberg f\u00f6r samf\u00e4llighetens nyttjade.<\/p>\r\n<p>Entrepren\u00f6r vid upps\u00e4ttningen var Almoge Bygg i V\u00e5mhus, arbetet utf\u00f6rdes av tv\u00e5 skickliga hantverkare vid namnen Stefan och Tomas Nilsson, \u00e4ven S\u00e4s Holger Andersson har varit v\u00e4ldigt engagerad f\u00f6r att f\u00e5 ladan p\u00e5 plats.<\/p>\r\n<p>Ladan vid majst\u00e5ngen stod klar 18 juni 2004, <strong>allts\u00e5 fyllde ladan 20 \u00e5r i juni 2024!<\/strong><\/p>\r\n<h3><strong>Lite historik om ladan:<\/strong><\/h3>\r\n<p>Ladan har tidigare st\u00e5tt p\u00e5 Arweg\u00e5rden i N\u00e4sberg vars fastighetsnummer numera \u00e4r 24:1. Byggnaderna p\u00e5 Arweg\u00e5rden har tidigare s\u00e4mjodelats och i samband med omarronderingen 1994 blev ladan st\u00e5ende p\u00e5 ofri grund. \u00c4garna best\u00e4mde sig senare f\u00f6r att sk\u00e4nka den till samf\u00e4llighetsf\u00f6reningen. Ladan har funnits p\u00e5 sin tidigare plats redan 1846 n\u00e4r storskifteskartan uppr\u00e4ttades. Den kan mycket v\u00e4l ha funnits i f\u00e4boden sedan 1700-talet d\u00e5 m\u00e5nga andra byggnader i f\u00e4boden fick sin plats vid den tiden.<\/p>\r\n<p><a href=\"http:\/\/xn--nsberg-bua.nu\/wp-content\/uploads\/2023\/07\/230728_historieskylt.jpg\"><img loading=\"lazy\" decoding=\"async\" class=\"alignnone  wp-image-34\" src=\"http:\/\/xn--nsberg-bua.nu\/wp-content\/uploads\/2023\/07\/230728_historieskylt-300x223.jpg\" alt=\"\" width=\"378\" height=\"281\" srcset=\"https:\/\/n\u00e4sberg.nu\/wp-content\/uploads\/2023\/07\/230728_historieskylt-300x223.jpg 300w, https:\/\/n\u00e4sberg.nu\/wp-content\/uploads\/2023\/07\/230728_historieskylt-1024x762.jpg 1024w, https:\/\/n\u00e4sberg.nu\/wp-content\/uploads\/2023\/07\/230728_historieskylt-768x571.jpg 768w, https:\/\/n\u00e4sberg.nu\/wp-content\/uploads\/2023\/07\/230728_historieskylt-1536x1142.jpg 1536w, https:\/\/n\u00e4sberg.nu\/wp-content\/uploads\/2023\/07\/230728_historieskylt.jpg 1600w\" sizes=\"auto, (max-width: 378px) 100vw, 378px\" \/><\/a> <br \/><em>Tavlan om ladans historia som h\u00e4nger inne i den.<\/em><\/p>\r\n<p><\/p>","protected":false},"excerpt":{"rendered":"<p>Ladan en ganska solig julidag 2023. Ladans syfte \u00e4r att ha en given samlingsplats vid aktiviteter i f\u00e4boden. Fr\u00e5n juni 2024 s\u00e5 har vi \u00e4ven placerat ett f\u00f6rstahj\u00e4lpen-kit i ladan, utifall olyckan skulle vara framme. F\u00f6rstahj\u00e4lpen-kittet h\u00e4nger direkt till h\u00f6ger &hellip; <a href=\"https:\/\/n\u00e4sberg.nu\/index.php\/ladan\/\">Forts\u00e4tt l\u00e4sa <span class=\"meta-nav\">&rarr;<\/span><\/a><\/p>\n","protected":false},"author":2,"featured_media":0,"parent":0,"menu_order":0,"comment_status":"closed","ping_status":"closed","template":"","meta":{"inline_featured_image":false,"_monsterinsights_skip_tracking":false,"_monsterinsights_sitenote_active":false,"_monsterinsights_sitenote_note":"","_monsterinsights_sitenote_category":0,"footnotes":""},"class_list":["post-40","page","type-page","status-publish","hentry"],"_links":{"self":[{"href":"https:\/\/n\u00e4sberg.nu\/index.php\/wp-json\/wp\/v2\/pages\/40","targetHints":{"allow":["GET"]}}],"collection":[{"href":"https:\/\/n\u00e4sberg.nu\/index.php\/wp-json\/wp\/v2\/pages"}],"about":[{"href":"https:\/\/n\u00e4sberg.nu\/index.php\/wp-json\/wp\/v2\/types\/page"}],"author":[{"embeddable":true,"href":"https:\/\/n\u00e4sberg.nu\/index.php\/wp-json\/wp\/v2\/users\/2"}],"replies":[{"embeddable":true,"href":"https:\/\/n\u00e4sberg.nu\/index.php\/wp-json\/wp\/v2\/comments?post=40"}],"version-history":[{"count":19,"href":"https:\/\/n\u00e4sberg.nu\/index.php\/wp-json\/wp\/v2\/pages\/40\/revisions"}],"predecessor-version":[{"id":881,"href":"https:\/\/n\u00e4sberg.nu\/index.php\/wp-json\/wp\/v2\/pages\/40\/revisions\/881"}],"wp:attachment":[{"href":"https:\/\/n\u00e4sberg.nu\/index.php\/wp-json\/wp\/v2\/media?parent=40"}],"curies":[{"name":"wp","href":"https:\/\/api.w.org\/{rel}","templated":true}]}}