{"id":393,"date":"2024-07-22T23:32:56","date_gmt":"2024-07-22T21:32:56","guid":{"rendered":"https:\/\/xn--nsberg-bua.nu\/?page_id=393"},"modified":"2025-12-28T18:29:18","modified_gmt":"2025-12-28T16:29:18","slug":"eu-zoner","status":"publish","type":"page","link":"https:\/\/n\u00e4sberg.nu\/index.php\/om\/eu-zoner\/","title":{"rendered":"EU-zoner"},"content":{"rendered":"<h3>H\u00e4r hittar du information om aktuella EU-zoner i N\u00e4sberg.<\/h3>\n<p>Denna karta finns \u00e4ven anslaget inne i ladan, s\u00e5 att det finns tillg\u00e4ngligt f\u00f6r fastighets\u00e4gare att studera.<\/p>\n<p>Dessa zoner skall sl\u00e5s med klippande eller sk\u00e4rande verktyg, till exempel lie, sl\u00e5tterbalk eller sl\u00e5ttermaskin, samt att det slagna gr\u00e4set skall f\u00f6rst h\u00e4ssjas och sen forslas bort alternativt forslas bort direkt.<\/p>\n<p>Man f\u00e5r absolut <strong>INTE<\/strong> sl\u00e5 med till exempel gr\u00e4sklippare, r\u00f6js\u00e5g\/gr\u00e4strimmer eller betesputs inom de gr\u00f6nmarkerade zonerna. G\u00f6rs detta s\u00e5 kan det EU-bidraget p\u00e5verkas negativt, i v\u00e4rsta fall tas zoner bort. Ett EU-bidrag som vi f\u00e5r f\u00f6r att sk\u00f6ta de p\u00e5 ett visst s\u00e4tt vid eventuella oanm\u00e4lda kontroller. Detta bidrag \u00e4r en v\u00e4ldigt viktig pusselbit i samf\u00e4llighetens ekonomi.<\/p>\n<p><img loading=\"lazy\" decoding=\"async\" class=\"alignnone size-full wp-image-631\" src=\"https:\/\/n\u00e4sberg.nu\/wp-content\/uploads\/2024\/07\/240711-euzoner-2.jpg\" alt=\"\" width=\"771\" height=\"801\" srcset=\"https:\/\/n\u00e4sberg.nu\/wp-content\/uploads\/2024\/07\/240711-euzoner-2.jpg 771w, https:\/\/n\u00e4sberg.nu\/wp-content\/uploads\/2024\/07\/240711-euzoner-2-289x300.jpg 289w, https:\/\/n\u00e4sberg.nu\/wp-content\/uploads\/2024\/07\/240711-euzoner-2-768x798.jpg 768w\" sizes=\"auto, (max-width: 771px) 100vw, 771px\" \/><\/p>\n<p><a href=\"https:\/\/ext-geoportal.lansstyrelsen.se\/standard\/?appid=c45f776423d948caa269c98e21a11950&amp;bookmarkid=51765\"><strong>Se kartan hos l\u00e4nsstyrelsen<\/strong><\/a>.<\/p>\n<p><em>Verkar dock vara vissa problem att komma \u00e5t kartan f\u00f6r tillf\u00e4llet, n\u00e5got vi kikar p\u00e5<\/em>.<\/p>\n<p><strong>Men just nu verkar tillv\u00e4gag\u00e5ngs\u00e4ttet vara:<\/strong><\/p>\n<ol>\n<li>Klicka p\u00e5 avbryt<\/li>\n<li>V\u00e4nta en stund<\/li>\n<li>Klicka p\u00e5 ok<\/li>\n<li>Klicka av avbryt tv\u00e5 g\u00e5nger<\/li>\n<li>Klicka en till g\u00e5ng p\u00e5 ok<\/li>\n<li>Sen b\u00f6r du vara inne p\u00e5 kartan och dess lager.<\/li>\n<\/ol>\n<p>&nbsp;<\/p>\n","protected":false},"excerpt":{"rendered":"<p>H\u00e4r hittar du information om aktuella EU-zoner i N\u00e4sberg. Denna karta finns \u00e4ven anslaget inne i ladan, s\u00e5 att det finns tillg\u00e4ngligt f\u00f6r fastighets\u00e4gare att studera. Dessa zoner skall sl\u00e5s med klippande eller sk\u00e4rande verktyg, till exempel lie, sl\u00e5tterbalk eller &hellip; <a href=\"https:\/\/n\u00e4sberg.nu\/index.php\/om\/eu-zoner\/\">Forts\u00e4tt l\u00e4sa <span class=\"meta-nav\">&rarr;<\/span><\/a><\/p>\n","protected":false},"author":2,"featured_media":0,"parent":11,"menu_order":0,"comment_status":"closed","ping_status":"closed","template":"","meta":{"inline_featured_image":false,"_monsterinsights_skip_tracking":false,"_monsterinsights_sitenote_active":false,"_monsterinsights_sitenote_note":"","_monsterinsights_sitenote_category":0,"footnotes":""},"class_list":["post-393","page","type-page","status-publish","hentry"],"_links":{"self":[{"href":"https:\/\/n\u00e4sberg.nu\/index.php\/wp-json\/wp\/v2\/pages\/393","targetHints":{"allow":["GET"]}}],"collection":[{"href":"https:\/\/n\u00e4sberg.nu\/index.php\/wp-json\/wp\/v2\/pages"}],"about":[{"href":"https:\/\/n\u00e4sberg.nu\/index.php\/wp-json\/wp\/v2\/types\/page"}],"author":[{"embeddable":true,"href":"https:\/\/n\u00e4sberg.nu\/index.php\/wp-json\/wp\/v2\/users\/2"}],"replies":[{"embeddable":true,"href":"https:\/\/n\u00e4sberg.nu\/index.php\/wp-json\/wp\/v2\/comments?post=393"}],"version-history":[{"count":16,"href":"https:\/\/n\u00e4sberg.nu\/index.php\/wp-json\/wp\/v2\/pages\/393\/revisions"}],"predecessor-version":[{"id":1236,"href":"https:\/\/n\u00e4sberg.nu\/index.php\/wp-json\/wp\/v2\/pages\/393\/revisions\/1236"}],"up":[{"embeddable":true,"href":"https:\/\/n\u00e4sberg.nu\/index.php\/wp-json\/wp\/v2\/pages\/11"}],"wp:attachment":[{"href":"https:\/\/n\u00e4sberg.nu\/index.php\/wp-json\/wp\/v2\/media?parent=393"}],"curies":[{"name":"wp","href":"https:\/\/api.w.org\/{rel}","templated":true}]}}