{"id":25,"date":"2023-07-24T22:15:43","date_gmt":"2023-07-24T21:15:43","guid":{"rendered":"http:\/\/xn--nsberg-bua.nu\/?page_id=25"},"modified":"2025-09-08T19:57:41","modified_gmt":"2025-09-08T17:57:41","slug":"lankar","status":"publish","type":"page","link":"https:\/\/n\u00e4sberg.nu\/index.php\/lankar\/","title":{"rendered":"L\u00e4nkar"},"content":{"rendered":"<p>H\u00e4r kommer vi att samla vi lite intressanta l\u00e4nkar.<\/p>\n<p>Lite trevliga N\u00e4sbergs-relaterade bilder hos <a href=\"https:\/\/www.wildlifephotographer.se\/blog\/?s=n%C3%A4sberg&amp;searchsubmit=\">Leif Bength<\/a>.<\/p>\n<p>Information om N\u00e4sberg p\u00e5 <a href=\"https:\/\/www.moraoutdoor.se\/index.php\/leder\/beskrivning\/nasberg\">Mora Outdoor<\/a>.<\/p>\n<p>En trevlig och bra IT-partner, som har b\u00e5de bredband via stadsn\u00e4tet, webbhotell och mycket mer &#8211; <a href=\"https:\/\/daladatorer.se\/\"><strong>Daladatorer<\/strong><\/a><\/p>\n<p><a href=\"https:\/\/nasberg.webnode.se\/\">Bj\u00f6rns N\u00e4sbergsblogg<\/a>, en liten publik dagbok \u00f6ver Bj\u00f6rns vistelser uppe p\u00e5 N\u00e4sberg 6:1.<\/p>\n<p>&nbsp;<\/p>\n<p>Har du n\u00e5gon intressant l\u00e4nk du tror passar in? Kontakta oss d\u00e5 p\u00e5 <strong><a href=\"mailto:nasberg@hallah.nu\">nasberg@hallah.nu<\/a><\/strong>.<\/p>\n","protected":false},"excerpt":{"rendered":"<p>H\u00e4r kommer vi att samla vi lite intressanta l\u00e4nkar. Lite trevliga N\u00e4sbergs-relaterade bilder hos Leif Bength. Information om N\u00e4sberg p\u00e5 Mora Outdoor. En trevlig och bra IT-partner, som har b\u00e5de bredband via stadsn\u00e4tet, webbhotell och mycket mer &#8211; Daladatorer Bj\u00f6rns &hellip; <a href=\"https:\/\/n\u00e4sberg.nu\/index.php\/lankar\/\">Forts\u00e4tt l\u00e4sa <span class=\"meta-nav\">&rarr;<\/span><\/a><\/p>\n","protected":false},"author":2,"featured_media":0,"parent":0,"menu_order":0,"comment_status":"closed","ping_status":"closed","template":"","meta":{"inline_featured_image":false,"_monsterinsights_skip_tracking":false,"_monsterinsights_sitenote_active":false,"_monsterinsights_sitenote_note":"","_monsterinsights_sitenote_category":0,"footnotes":""},"class_list":["post-25","page","type-page","status-publish","hentry"],"_links":{"self":[{"href":"https:\/\/n\u00e4sberg.nu\/index.php\/wp-json\/wp\/v2\/pages\/25","targetHints":{"allow":["GET"]}}],"collection":[{"href":"https:\/\/n\u00e4sberg.nu\/index.php\/wp-json\/wp\/v2\/pages"}],"about":[{"href":"https:\/\/n\u00e4sberg.nu\/index.php\/wp-json\/wp\/v2\/types\/page"}],"author":[{"embeddable":true,"href":"https:\/\/n\u00e4sberg.nu\/index.php\/wp-json\/wp\/v2\/users\/2"}],"replies":[{"embeddable":true,"href":"https:\/\/n\u00e4sberg.nu\/index.php\/wp-json\/wp\/v2\/comments?post=25"}],"version-history":[{"count":8,"href":"https:\/\/n\u00e4sberg.nu\/index.php\/wp-json\/wp\/v2\/pages\/25\/revisions"}],"predecessor-version":[{"id":1187,"href":"https:\/\/n\u00e4sberg.nu\/index.php\/wp-json\/wp\/v2\/pages\/25\/revisions\/1187"}],"wp:attachment":[{"href":"https:\/\/n\u00e4sberg.nu\/index.php\/wp-json\/wp\/v2\/media?parent=25"}],"curies":[{"name":"wp","href":"https:\/\/api.w.org\/{rel}","templated":true}]}}