{"id":178,"date":"2023-08-23T22:02:26","date_gmt":"2023-08-23T21:02:26","guid":{"rendered":"http:\/\/xn--nsberg-bua.nu\/?page_id=178"},"modified":"2024-08-08T20:52:17","modified_gmt":"2024-08-08T18:52:17","slug":"bilder","status":"publish","type":"page","link":"https:\/\/n\u00e4sberg.nu\/index.php\/om\/bilder\/","title":{"rendered":"Bilder"},"content":{"rendered":"<p>P\u00e5 sikt har vi v\u00e4l en tanke att f\u00f6rs\u00f6ka skapa n\u00e5gon form av galleri med bilder, fr\u00e5n olika tidsepoker i N\u00e4sberg, lite os\u00e4ker p\u00e5 hur pass l\u00e5ngt bak i tiden vi kan hitta dokumentation.<\/p>\n<p>Syftet med detta \u00e4r en grundsten i v\u00e5ra stadgar, att v\u00e5rda kulturarvet f\u00f6r f\u00e4boden.<\/p>\n<p>Har du n\u00e5gra bilder att dela med dig, h\u00f6r g\u00e4rna av dig (via e-post:\u00a0<strong><a href=\"mailto:nasberg@hallah.nu\">nasberg@hallah.nu<\/a><\/strong>.). Och om m\u00f6jligt s\u00e5 att vi kan f\u00e5 l\u00e5na de f\u00f6r att digitalisera f\u00f6r att publiceras h\u00e4r p\u00e5 hemsidan, givetvis kan du f\u00e5 vara helt anonym om du s\u00e5 vill, annars ger vi g\u00e4rna uppskattning f\u00f6r ditt bidrag.<\/p>\n<h3><strong>Bildgallerier<\/strong><\/h3>\n<ul>\n<li><!--a href=\"http:\/\/xn--nsberg-bua.nu\/index.php\/2023\/08\/26\/resultat-stadlordag\/230826-ladan01\/\">230826 - St\u00e4ddag i ladan<\/a--><\/li>\n<\/ul>\n","protected":false},"excerpt":{"rendered":"<p>P\u00e5 sikt har vi v\u00e4l en tanke att f\u00f6rs\u00f6ka skapa n\u00e5gon form av galleri med bilder, fr\u00e5n olika tidsepoker i N\u00e4sberg, lite os\u00e4ker p\u00e5 hur pass l\u00e5ngt bak i tiden vi kan hitta dokumentation. Syftet med detta \u00e4r en grundsten &hellip; <a href=\"https:\/\/n\u00e4sberg.nu\/index.php\/om\/bilder\/\">Forts\u00e4tt l\u00e4sa <span class=\"meta-nav\">&rarr;<\/span><\/a><\/p>\n","protected":false},"author":2,"featured_media":0,"parent":11,"menu_order":0,"comment_status":"closed","ping_status":"closed","template":"","meta":{"inline_featured_image":false,"_monsterinsights_skip_tracking":false,"_monsterinsights_sitenote_active":false,"_monsterinsights_sitenote_note":"","_monsterinsights_sitenote_category":0,"footnotes":""},"class_list":["post-178","page","type-page","status-publish","hentry"],"_links":{"self":[{"href":"https:\/\/n\u00e4sberg.nu\/index.php\/wp-json\/wp\/v2\/pages\/178","targetHints":{"allow":["GET"]}}],"collection":[{"href":"https:\/\/n\u00e4sberg.nu\/index.php\/wp-json\/wp\/v2\/pages"}],"about":[{"href":"https:\/\/n\u00e4sberg.nu\/index.php\/wp-json\/wp\/v2\/types\/page"}],"author":[{"embeddable":true,"href":"https:\/\/n\u00e4sberg.nu\/index.php\/wp-json\/wp\/v2\/users\/2"}],"replies":[{"embeddable":true,"href":"https:\/\/n\u00e4sberg.nu\/index.php\/wp-json\/wp\/v2\/comments?post=178"}],"version-history":[{"count":5,"href":"https:\/\/n\u00e4sberg.nu\/index.php\/wp-json\/wp\/v2\/pages\/178\/revisions"}],"predecessor-version":[{"id":663,"href":"https:\/\/n\u00e4sberg.nu\/index.php\/wp-json\/wp\/v2\/pages\/178\/revisions\/663"}],"up":[{"embeddable":true,"href":"https:\/\/n\u00e4sberg.nu\/index.php\/wp-json\/wp\/v2\/pages\/11"}],"wp:attachment":[{"href":"https:\/\/n\u00e4sberg.nu\/index.php\/wp-json\/wp\/v2\/media?parent=178"}],"curies":[{"name":"wp","href":"https:\/\/api.w.org\/{rel}","templated":true}]}}