{"id":15,"date":"2023-07-23T21:36:07","date_gmt":"2023-07-23T21:36:07","guid":{"rendered":"http:\/\/xn--nsberg-bua.nu\/?page_id=15"},"modified":"2025-07-23T20:14:16","modified_gmt":"2025-07-23T18:14:16","slug":"styrelsen","status":"publish","type":"page","link":"https:\/\/n\u00e4sberg.nu\/index.php\/om\/styrelsen\/","title":{"rendered":"Styrelsen"},"content":{"rendered":"\r\n<p><strong>N\u00e4sbergs samf\u00e4llighetsf\u00f6rening styrelse best\u00e5r 2025\/2026 av:<\/strong><\/p>\r\n\r\n\r\n\r\n<ul>\r\n<li><strong>Ordf\u00f6rande:<\/strong> <a href=\"mailto:peranders.holm@telia.com\">Anders Holm<\/a> \r\n\r\n<\/li>\r\n<li><strong>Kass\u00f6r:<\/strong> Magnus Elvenmark \r\n\r\n<\/li>\r\n<li><strong>Sekreterare:<\/strong> <a href=\"mailto:bjornel@gmail.com\">Bj\u00f6rn Elvenmark<\/a>\r\n\r\n<\/li>\r\n<li><strong>Ledamot:\u00a0<\/strong>Leif Dahlfors\r\n\r\n<\/li>\r\n<li><strong>Ledamot:<\/strong> Roger Matsson<\/li>\r\n<\/ul>\r\n\r\n\r\n\r\n\r\n\r\n<ul>\r\n<li><strong>Suppleant:<\/strong> Anita Sj\u00f6berg \r\n\r\n<\/li>\r\n<li><strong>Suppleant:<\/strong> Maria Mattsson<\/li>\r\n<li><strong>Suppleant:<\/strong> <em>Vakant<\/em><\/li>\r\n<\/ul>\r\n\r\n\r\n\r\n\r\n\r\n<ul>\r\n<li><strong>Ordinarie revisor:<\/strong> Lena Lassis<\/li>\r\n<li><strong>Ordinarie revisor:<\/strong> Martin St\u00e5by\r\n\r\n<\/li>\r\n<li><strong>Revisorsuppleant:<\/strong> Lars Olsson<\/li>\r\n<\/ul>\r\n\r\n\r\n\r\n\r\n\r\n<p><strong>Valberedning:<\/strong> Bo Olsson, Marita Bysell &amp; Pernilla Holm\u00a0<\/p>\r\n<p>Kontaktuppgifter kommer troligen att justeras vid senare tillf\u00e4lle.<\/p>\r\n<p>Just nu hittar du mailadresser till ordf\u00f6randen Anders och sekreteraren Bj\u00f6rn, vill du ha med generell kontakt kan du maila p\u00e5 <strong><a href=\"mailto:nasberg@hallah.nu\">nasberg@hallah.nu<\/a><\/strong>.<\/p>\r\n<p><span style=\"color: #999999;\"><em>Senast uppdaterad 250723 20:04<\/em><\/span><\/p>\r\n","protected":false},"excerpt":{"rendered":"<p>N\u00e4sbergs samf\u00e4llighetsf\u00f6rening styrelse best\u00e5r 2025\/2026 av: Ordf\u00f6rande: Anders Holm Kass\u00f6r: Magnus Elvenmark Sekreterare: Bj\u00f6rn Elvenmark Ledamot:\u00a0Leif Dahlfors Ledamot: Roger Matsson Suppleant: Anita Sj\u00f6berg Suppleant: Maria Mattsson Suppleant: Vakant Ordinarie revisor: Lena Lassis Ordinarie revisor: Martin St\u00e5by Revisorsuppleant: Lars Olsson Valberedning: &hellip; <a href=\"https:\/\/n\u00e4sberg.nu\/index.php\/om\/styrelsen\/\">Forts\u00e4tt l\u00e4sa <span class=\"meta-nav\">&rarr;<\/span><\/a><\/p>\n","protected":false},"author":2,"featured_media":0,"parent":11,"menu_order":0,"comment_status":"closed","ping_status":"closed","template":"","meta":{"inline_featured_image":false,"_monsterinsights_skip_tracking":false,"_monsterinsights_sitenote_active":false,"_monsterinsights_sitenote_note":"","_monsterinsights_sitenote_category":0,"footnotes":""},"class_list":["post-15","page","type-page","status-publish","hentry"],"_links":{"self":[{"href":"https:\/\/n\u00e4sberg.nu\/index.php\/wp-json\/wp\/v2\/pages\/15","targetHints":{"allow":["GET"]}}],"collection":[{"href":"https:\/\/n\u00e4sberg.nu\/index.php\/wp-json\/wp\/v2\/pages"}],"about":[{"href":"https:\/\/n\u00e4sberg.nu\/index.php\/wp-json\/wp\/v2\/types\/page"}],"author":[{"embeddable":true,"href":"https:\/\/n\u00e4sberg.nu\/index.php\/wp-json\/wp\/v2\/users\/2"}],"replies":[{"embeddable":true,"href":"https:\/\/n\u00e4sberg.nu\/index.php\/wp-json\/wp\/v2\/comments?post=15"}],"version-history":[{"count":22,"href":"https:\/\/n\u00e4sberg.nu\/index.php\/wp-json\/wp\/v2\/pages\/15\/revisions"}],"predecessor-version":[{"id":1058,"href":"https:\/\/n\u00e4sberg.nu\/index.php\/wp-json\/wp\/v2\/pages\/15\/revisions\/1058"}],"up":[{"embeddable":true,"href":"https:\/\/n\u00e4sberg.nu\/index.php\/wp-json\/wp\/v2\/pages\/11"}],"wp:attachment":[{"href":"https:\/\/n\u00e4sberg.nu\/index.php\/wp-json\/wp\/v2\/media?parent=15"}],"curies":[{"name":"wp","href":"https:\/\/api.w.org\/{rel}","templated":true}]}}