{"id":1190,"date":"2025-09-08T20:50:00","date_gmt":"2025-09-08T18:50:00","guid":{"rendered":"https:\/\/n\u00e4sberg.nu\/?page_id=1190"},"modified":"2025-09-08T20:50:00","modified_gmt":"2025-09-08T18:50:00","slug":"dokument","status":"publish","type":"page","link":"https:\/\/n\u00e4sberg.nu\/index.php\/historik\/dokument\/","title":{"rendered":"Dokument"},"content":{"rendered":"<p>H\u00e4r samlar vi N\u00e4sbergsintressanta dokument.<\/p>\n<ul>\n<li><a href=\"https:\/\/n\u00e4sberg.nu\/wp-content\/uploads\/2025\/09\/nasberg-vamhus-socken.pdf\">N\u00e4sberg, V\u00e5mhus socken<\/a><\/li>\n<li><\/li>\n<\/ul>\n<p>&nbsp;<\/p>\n","protected":false},"excerpt":{"rendered":"<p>H\u00e4r samlar vi N\u00e4sbergsintressanta dokument. N\u00e4sberg, V\u00e5mhus socken &nbsp;<\/p>\n","protected":false},"author":2,"featured_media":0,"parent":1093,"menu_order":0,"comment_status":"closed","ping_status":"closed","template":"","meta":{"inline_featured_image":false,"_monsterinsights_skip_tracking":false,"_monsterinsights_sitenote_active":false,"_monsterinsights_sitenote_note":"","_monsterinsights_sitenote_category":0,"footnotes":""},"class_list":["post-1190","page","type-page","status-publish","hentry"],"_links":{"self":[{"href":"https:\/\/n\u00e4sberg.nu\/index.php\/wp-json\/wp\/v2\/pages\/1190","targetHints":{"allow":["GET"]}}],"collection":[{"href":"https:\/\/n\u00e4sberg.nu\/index.php\/wp-json\/wp\/v2\/pages"}],"about":[{"href":"https:\/\/n\u00e4sberg.nu\/index.php\/wp-json\/wp\/v2\/types\/page"}],"author":[{"embeddable":true,"href":"https:\/\/n\u00e4sberg.nu\/index.php\/wp-json\/wp\/v2\/users\/2"}],"replies":[{"embeddable":true,"href":"https:\/\/n\u00e4sberg.nu\/index.php\/wp-json\/wp\/v2\/comments?post=1190"}],"version-history":[{"count":1,"href":"https:\/\/n\u00e4sberg.nu\/index.php\/wp-json\/wp\/v2\/pages\/1190\/revisions"}],"predecessor-version":[{"id":1192,"href":"https:\/\/n\u00e4sberg.nu\/index.php\/wp-json\/wp\/v2\/pages\/1190\/revisions\/1192"}],"up":[{"embeddable":true,"href":"https:\/\/n\u00e4sberg.nu\/index.php\/wp-json\/wp\/v2\/pages\/1093"}],"wp:attachment":[{"href":"https:\/\/n\u00e4sberg.nu\/index.php\/wp-json\/wp\/v2\/media?parent=1190"}],"curies":[{"name":"wp","href":"https:\/\/api.w.org\/{rel}","templated":true}]}}