{"id":1144,"date":"2025-08-20T17:43:27","date_gmt":"2025-08-20T15:43:27","guid":{"rendered":"https:\/\/n\u00e4sberg.nu\/?page_id=1144"},"modified":"2025-08-20T17:43:27","modified_gmt":"2025-08-20T15:43:27","slug":"bildarkiv","status":"publish","type":"page","link":"https:\/\/n\u00e4sberg.nu\/index.php\/historik\/bildarkiv\/","title":{"rendered":"Bildarkiv"},"content":{"rendered":"<p>P\u00e5 sikt skall vi f\u00f6rs\u00f6ka sammanst\u00e4lla ett arkiv med bilder.<\/p>\n","protected":false},"excerpt":{"rendered":"<p>P\u00e5 sikt skall vi f\u00f6rs\u00f6ka sammanst\u00e4lla ett arkiv med bilder.<\/p>\n","protected":false},"author":2,"featured_media":0,"parent":1093,"menu_order":0,"comment_status":"closed","ping_status":"closed","template":"","meta":{"inline_featured_image":false,"_monsterinsights_skip_tracking":false,"_monsterinsights_sitenote_active":false,"_monsterinsights_sitenote_note":"","_monsterinsights_sitenote_category":0,"footnotes":""},"class_list":["post-1144","page","type-page","status-publish","hentry"],"_links":{"self":[{"href":"https:\/\/n\u00e4sberg.nu\/index.php\/wp-json\/wp\/v2\/pages\/1144","targetHints":{"allow":["GET"]}}],"collection":[{"href":"https:\/\/n\u00e4sberg.nu\/index.php\/wp-json\/wp\/v2\/pages"}],"about":[{"href":"https:\/\/n\u00e4sberg.nu\/index.php\/wp-json\/wp\/v2\/types\/page"}],"author":[{"embeddable":true,"href":"https:\/\/n\u00e4sberg.nu\/index.php\/wp-json\/wp\/v2\/users\/2"}],"replies":[{"embeddable":true,"href":"https:\/\/n\u00e4sberg.nu\/index.php\/wp-json\/wp\/v2\/comments?post=1144"}],"version-history":[{"count":1,"href":"https:\/\/n\u00e4sberg.nu\/index.php\/wp-json\/wp\/v2\/pages\/1144\/revisions"}],"predecessor-version":[{"id":1145,"href":"https:\/\/n\u00e4sberg.nu\/index.php\/wp-json\/wp\/v2\/pages\/1144\/revisions\/1145"}],"up":[{"embeddable":true,"href":"https:\/\/n\u00e4sberg.nu\/index.php\/wp-json\/wp\/v2\/pages\/1093"}],"wp:attachment":[{"href":"https:\/\/n\u00e4sberg.nu\/index.php\/wp-json\/wp\/v2\/media?parent=1144"}],"curies":[{"name":"wp","href":"https:\/\/api.w.org\/{rel}","templated":true}]}}