{"id":11,"date":"2023-07-23T21:28:04","date_gmt":"2023-07-23T21:28:04","guid":{"rendered":"http:\/\/xn--nsberg-bua.nu\/?page_id=11"},"modified":"2026-04-02T06:22:15","modified_gmt":"2026-04-02T04:22:15","slug":"om","status":"publish","type":"page","link":"https:\/\/n\u00e4sberg.nu\/index.php\/om\/","title":{"rendered":"Om"},"content":{"rendered":"\r\n<p>N\u00e4sberg \u00e4r likt andra f\u00e4bodar har anor fr\u00e5n minst mitten av 1800-talet, mycket m\u00f6jligt att det varit aktiviteter h\u00e4r redan p\u00e5 1600-talet. Grundsyftet \u00e4r f\u00f6r att periodvis f\u00f6r att h\u00e5lla sin kreatur, p\u00e5 ofta h\u00f6gre bel\u00e4gna betesmarker som l\u00e5g mer eller mindre l\u00e5ngt ifr\u00e5n den g\u00e5rd som \u00e4gde boskapen.<\/p>\r\n\r\n\r\n\r\n<p>Just f\u00e4boden N\u00e4sberg \u00e4r bel\u00e4gen vi Hustj\u00e4rnbergets sydsluttning p\u00e5 en h\u00f6jd av cirka 420 meter \u00f6ver havet, med en vacker utsikt \u00f6ver Orsasj\u00f6n och Siljan. H\u00e4r finns det 42 fastigheter (tomter) och n\u00e4stan alla tomter \u00e4r bebyggda (alla utom tre). Oftast \u00e4r det gamla timrade stugor som utg\u00f6r merparten av byggnaderna, med det klassiska gr\u00e5nade timret, med uthus s\u00e5som vedbod, f\u00f6rr\u00e5d och utedass. Det blir allt vanligare att man s\u00e4tter upp solpaneler f\u00f6r att underl\u00e4tta sin vistelse, g\u00e4rna att dessa installationer g\u00f6rs s\u00e5 diskreta som m\u00f6jligt, f\u00f6r att beh\u00e5lla s\u00e5 mycket som det g\u00e5r av det gamla, enkla och vackra. Och ska man bygga om eller till b\u00f6r man t\u00e4nka till och h\u00e5lla sig till gammal stil i val av material, f\u00e4rg, d\u00f6rrar, f\u00f6nster och s\u00e5 vidare.<\/p>\r\n<p>I nutid har det faktiskt varit bes\u00f6k av boskap (f\u00e5r) under sensommaren 2024. D\u00e5 vi i juli 2024 fick vi bes\u00f6k av sju stycken tackor, som betade runt i N\u00e4sberg under drygt fyra veckor, delar av f\u00e5ren \u00e5terkom under sommaren 2025. Givetvis \u00f6nskar vi att det skall bli ett \u00e5terkommande fenomen.<\/p>\r\n<p>Dock \u00e4r v\u00e4l st\u00f6rsta problemet bemanningen, allts\u00e5 att det m\u00e5ste alltid finnas n\u00e5gon p\u00e5 plats f\u00f6r att se efter f\u00e5ren, vilket blir en sv\u00e5r puck att l\u00f6sa. Men d\u00e5 kan man se det som arbetstid och ist\u00e4llet f\u00f6r att g\u00e5 med r\u00f6js\u00e5g, r\u00e4fsa eller att transportera bort slaget gr\u00e4s\/sly, bara kolla till f\u00e5ren ett par g\u00e5nger om dagen s\u00e5 att de har det bra.<\/p>\r\n<p>F\u00f6re 1965 var N\u00e4sberg en levande f\u00e4bodvall och det fanns till och med en egen dansbana!<\/p>\r\n<p><img loading=\"lazy\" decoding=\"async\" class=\"alignnone size-full wp-image-154\" src=\"http:\/\/xn--nsberg-bua.nu\/wp-content\/uploads\/2023\/08\/utsikt-sommaren-2023.jpg\" alt=\"\" width=\"1024\" height=\"658\" srcset=\"https:\/\/n\u00e4sberg.nu\/wp-content\/uploads\/2023\/08\/utsikt-sommaren-2023.jpg 1024w, https:\/\/n\u00e4sberg.nu\/wp-content\/uploads\/2023\/08\/utsikt-sommaren-2023-300x193.jpg 300w, https:\/\/n\u00e4sberg.nu\/wp-content\/uploads\/2023\/08\/utsikt-sommaren-2023-768x494.jpg 768w\" sizes=\"auto, (max-width: 1024px) 100vw, 1024px\" \/><br \/><em>Utsikt \u00f6ver N\u00e4sberg sommaren 2023.<\/em><\/p>\r\n<p>Plockade ut n\u00e5gra kartbilder fr\u00e5n <a href=\"https:\/\/karta.morakommun.se\/\">karta.morakommun.se<\/a>\u00a0<\/p>\r\n<p><img loading=\"lazy\" decoding=\"async\" class=\"alignnone size-full wp-image-291\" src=\"http:\/\/xn--nsberg-bua.nu\/wp-content\/uploads\/2024\/02\/240203-nasberg.jpg\" alt=\"\" width=\"778\" height=\"922\" srcset=\"https:\/\/n\u00e4sberg.nu\/wp-content\/uploads\/2024\/02\/240203-nasberg.jpg 778w, https:\/\/n\u00e4sberg.nu\/wp-content\/uploads\/2024\/02\/240203-nasberg-253x300.jpg 253w, https:\/\/n\u00e4sberg.nu\/wp-content\/uploads\/2024\/02\/240203-nasberg-768x910.jpg 768w\" sizes=\"auto, (max-width: 778px) 100vw, 778px\" \/><br \/><em>Hela N\u00e4sberg i kartform.<\/em><\/p>\r\n<p><img loading=\"lazy\" decoding=\"async\" class=\"alignnone size-full wp-image-292\" src=\"http:\/\/xn--nsberg-bua.nu\/wp-content\/uploads\/2024\/02\/240203-nasberg-flygfoto.jpg\" alt=\"\" width=\"790\" height=\"923\" srcset=\"https:\/\/n\u00e4sberg.nu\/wp-content\/uploads\/2024\/02\/240203-nasberg-flygfoto.jpg 790w, https:\/\/n\u00e4sberg.nu\/wp-content\/uploads\/2024\/02\/240203-nasberg-flygfoto-257x300.jpg 257w, https:\/\/n\u00e4sberg.nu\/wp-content\/uploads\/2024\/02\/240203-nasberg-flygfoto-768x897.jpg 768w\" sizes=\"auto, (max-width: 790px) 100vw, 790px\" \/><br \/><em>Hela N\u00e4sberg i flygfoto-form (2000-tal).<\/em><\/p>\r\n<p><img loading=\"lazy\" decoding=\"async\" class=\"alignnone size-full wp-image-379\" src=\"http:\/\/xn--nsberg-bua.nu\/wp-content\/uploads\/2024\/03\/240318-1975.jpg\" alt=\"\" width=\"697\" height=\"787\" srcset=\"https:\/\/n\u00e4sberg.nu\/wp-content\/uploads\/2024\/03\/240318-1975.jpg 697w, https:\/\/n\u00e4sberg.nu\/wp-content\/uploads\/2024\/03\/240318-1975-266x300.jpg 266w\" sizes=\"auto, (max-width: 697px) 100vw, 697px\" \/><br \/><em>Hela N\u00e4sberg i flygfoto-form (1975).<\/em><\/p>\r\n<p><img loading=\"lazy\" decoding=\"async\" class=\"alignnone size-full wp-image-378\" src=\"http:\/\/xn--nsberg-bua.nu\/wp-content\/uploads\/2024\/03\/240318-1960.jpg\" alt=\"\" width=\"692\" height=\"786\" srcset=\"https:\/\/n\u00e4sberg.nu\/wp-content\/uploads\/2024\/03\/240318-1960.jpg 692w, https:\/\/n\u00e4sberg.nu\/wp-content\/uploads\/2024\/03\/240318-1960-264x300.jpg 264w\" sizes=\"auto, (max-width: 692px) 100vw, 692px\" \/><br \/><em>Hela N\u00e4sberg i flygfoto-form (1960).<\/em><\/p>\r\n","protected":false},"excerpt":{"rendered":"<p>N\u00e4sberg \u00e4r likt andra f\u00e4bodar har anor fr\u00e5n minst mitten av 1800-talet, mycket m\u00f6jligt att det varit aktiviteter h\u00e4r redan p\u00e5 1600-talet. Grundsyftet \u00e4r f\u00f6r att periodvis f\u00f6r att h\u00e5lla sin kreatur, p\u00e5 ofta h\u00f6gre bel\u00e4gna betesmarker som l\u00e5g mer &hellip; <a href=\"https:\/\/n\u00e4sberg.nu\/index.php\/om\/\">Forts\u00e4tt l\u00e4sa <span class=\"meta-nav\">&rarr;<\/span><\/a><\/p>\n","protected":false},"author":2,"featured_media":0,"parent":0,"menu_order":0,"comment_status":"closed","ping_status":"closed","template":"","meta":{"inline_featured_image":false,"_monsterinsights_skip_tracking":false,"_monsterinsights_sitenote_active":false,"_monsterinsights_sitenote_note":"","_monsterinsights_sitenote_category":0,"footnotes":""},"class_list":["post-11","page","type-page","status-publish","hentry"],"_links":{"self":[{"href":"https:\/\/n\u00e4sberg.nu\/index.php\/wp-json\/wp\/v2\/pages\/11","targetHints":{"allow":["GET"]}}],"collection":[{"href":"https:\/\/n\u00e4sberg.nu\/index.php\/wp-json\/wp\/v2\/pages"}],"about":[{"href":"https:\/\/n\u00e4sberg.nu\/index.php\/wp-json\/wp\/v2\/types\/page"}],"author":[{"embeddable":true,"href":"https:\/\/n\u00e4sberg.nu\/index.php\/wp-json\/wp\/v2\/users\/2"}],"replies":[{"embeddable":true,"href":"https:\/\/n\u00e4sberg.nu\/index.php\/wp-json\/wp\/v2\/comments?post=11"}],"version-history":[{"count":22,"href":"https:\/\/n\u00e4sberg.nu\/index.php\/wp-json\/wp\/v2\/pages\/11\/revisions"}],"predecessor-version":[{"id":1307,"href":"https:\/\/n\u00e4sberg.nu\/index.php\/wp-json\/wp\/v2\/pages\/11\/revisions\/1307"}],"wp:attachment":[{"href":"https:\/\/n\u00e4sberg.nu\/index.php\/wp-json\/wp\/v2\/media?parent=11"}],"curies":[{"name":"wp","href":"https:\/\/api.w.org\/{rel}","templated":true}]}}