{"id":1079,"date":"2025-12-28T18:14:59","date_gmt":"2025-12-28T16:14:59","guid":{"rendered":"https:\/\/n\u00e4sberg.nu\/?page_id=1079"},"modified":"2026-04-01T21:56:22","modified_gmt":"2026-04-01T19:56:22","slug":"kalender-2026","status":"publish","type":"page","link":"https:\/\/n\u00e4sberg.nu\/index.php\/aktiviteter\/kalender-2026\/","title":{"rendered":"Kalender 2026"},"content":{"rendered":"<p>D\u00e5 var datumen f\u00f6r v\u00e5ra st\u00e5ende aktiviteter i N\u00e4sberg spikade.<\/p>\n<p>Aktiviteterna kommer \u00e4ven att ansl\u00e5s p\u00e5 informations-tavlan p\u00e5 ladan s\u00e5 snart som m\u00f6jligt (senast kring m\u00e5nadsskiftet april\/maj 2026).<\/p>\n<p>Samt att kallelse till \u00e5rsst\u00e4mman kommer att g\u00e5 ut fr\u00e4mst via mail men \u00e4ven via post f\u00f6r de som \u00f6nskat det.<\/p>\n<h3><strong>V\u00e5ra st\u00e5ende aktiviteter:<\/strong><\/h3>\n<ul>\n<li><span style=\"color: #000000;\">\u00c5rsst\u00e4mma (s\u00f6ndag 24 maj, start klockan 11:00 vid\/i ladan)<\/span><\/li>\n<li><span style=\"color: #000000;\">Midsommarfirande (l\u00f6rdag 27 juni, start 10:00 f\u00f6r kl\u00e4dning av majst\u00e5ngen och fr\u00e5n 14:00 \u00e4r aktiviteter inklusive resning av majst\u00e5ngen)<\/span><\/li>\n<li><span style=\"color: #000000;\">F\u00e4bodgudstj\u00e4nst (s\u00f6ndag 28 juni,<em> troligen start klockan 15:00<\/em> vid ladan)<\/span><\/li>\n<li><span style=\"color: #000000;\">Sl\u00e5tterdag (l\u00f6rdag 18 juli, start klockan 09:00 vid ladan)<\/span><\/li>\n<li><span style=\"color: #000000;\">Sommaravslutning med arbetsdag (l\u00f6rdag 12 september, start klockan 10:00 vid ladan)<\/span><\/li>\n<\/ul>\n<p><span style=\"color: #000000;\">Har du \u00e5sikter, tips, f\u00f6rslag eller liknade kontakta n\u00e5gon i styrelsen, eller tveka inte att skicka ett mail till <strong><a href=\"mailto:nasberg@hallah.nu\">nasberg@hallah.nu<\/a><\/strong><\/span><\/p>\n<p>&nbsp;<\/p>\n","protected":false},"excerpt":{"rendered":"<p>D\u00e5 var datumen f\u00f6r v\u00e5ra st\u00e5ende aktiviteter i N\u00e4sberg spikade. Aktiviteterna kommer \u00e4ven att ansl\u00e5s p\u00e5 informations-tavlan p\u00e5 ladan s\u00e5 snart som m\u00f6jligt (senast kring m\u00e5nadsskiftet april\/maj 2026). Samt att kallelse till \u00e5rsst\u00e4mman kommer att g\u00e5 ut fr\u00e4mst via mail &hellip; <a href=\"https:\/\/n\u00e4sberg.nu\/index.php\/aktiviteter\/kalender-2026\/\">Forts\u00e4tt l\u00e4sa <span class=\"meta-nav\">&rarr;<\/span><\/a><\/p>\n","protected":false},"author":2,"featured_media":0,"parent":63,"menu_order":0,"comment_status":"closed","ping_status":"closed","template":"","meta":{"inline_featured_image":false,"_monsterinsights_skip_tracking":false,"_monsterinsights_sitenote_active":false,"_monsterinsights_sitenote_note":"","_monsterinsights_sitenote_category":0,"footnotes":""},"class_list":["post-1079","page","type-page","status-publish","hentry"],"_links":{"self":[{"href":"https:\/\/n\u00e4sberg.nu\/index.php\/wp-json\/wp\/v2\/pages\/1079","targetHints":{"allow":["GET"]}}],"collection":[{"href":"https:\/\/n\u00e4sberg.nu\/index.php\/wp-json\/wp\/v2\/pages"}],"about":[{"href":"https:\/\/n\u00e4sberg.nu\/index.php\/wp-json\/wp\/v2\/types\/page"}],"author":[{"embeddable":true,"href":"https:\/\/n\u00e4sberg.nu\/index.php\/wp-json\/wp\/v2\/users\/2"}],"replies":[{"embeddable":true,"href":"https:\/\/n\u00e4sberg.nu\/index.php\/wp-json\/wp\/v2\/comments?post=1079"}],"version-history":[{"count":11,"href":"https:\/\/n\u00e4sberg.nu\/index.php\/wp-json\/wp\/v2\/pages\/1079\/revisions"}],"predecessor-version":[{"id":1304,"href":"https:\/\/n\u00e4sberg.nu\/index.php\/wp-json\/wp\/v2\/pages\/1079\/revisions\/1304"}],"up":[{"embeddable":true,"href":"https:\/\/n\u00e4sberg.nu\/index.php\/wp-json\/wp\/v2\/pages\/63"}],"wp:attachment":[{"href":"https:\/\/n\u00e4sberg.nu\/index.php\/wp-json\/wp\/v2\/media?parent=1079"}],"curies":[{"name":"wp","href":"https:\/\/api.w.org\/{rel}","templated":true}]}}