{"id":1004,"date":"2025-07-02T15:35:53","date_gmt":"2025-07-02T13:35:53","guid":{"rendered":"https:\/\/n\u00e4sberg.nu\/?page_id=1004"},"modified":"2025-09-02T19:48:26","modified_gmt":"2025-09-02T17:48:26","slug":"kolbulle","status":"publish","type":"page","link":"https:\/\/n\u00e4sberg.nu\/index.php\/recept\/kolbulle\/","title":{"rendered":"Kolbulle"},"content":{"rendered":"<p>Detta \u00e4r en enkel r\u00e4tt med anor l\u00e5ngt bak i tiden, enkel, energirik och m\u00e4ttande, vilket \u00e4r under primitiva f\u00f6rh\u00e5llanden i skogen.<\/p>\n<p>F\u00f6rr var den vanligt f\u00f6rekommande bland annat kolare, skogshuggare, rallare och flottare som ofta stundtals levde spartanskt i kojor ute i skogen.<\/p>\n<p><img loading=\"lazy\" decoding=\"async\" class=\"alignnone wp-image-1005 size-medium\" src=\"https:\/\/n\u00e4sberg.nu\/wp-content\/uploads\/2025\/07\/kolbulle-300x300.jpg\" alt=\"\" width=\"300\" height=\"300\" srcset=\"https:\/\/n\u00e4sberg.nu\/wp-content\/uploads\/2025\/07\/kolbulle-300x300.jpg 300w, https:\/\/n\u00e4sberg.nu\/wp-content\/uploads\/2025\/07\/kolbulle-150x150.jpg 150w, https:\/\/n\u00e4sberg.nu\/wp-content\/uploads\/2025\/07\/kolbulle.jpg 565w\" sizes=\"auto, (max-width: 300px) 100vw, 300px\" \/><\/p>\n<p><strong>Ingredienser (cirka 4 portioner):<\/strong><\/p>\n<ul>\n<li>4 dl vetemj\u00f6l<\/li>\n<li>6 dl vatten<\/li>\n<li>1 tsk salt<\/li>\n<li>4 hg rimmat, t\u00e4rnat fl\u00e4sk<\/li>\n<li>Lingonsylt eller r\u00e5r\u00f6rda lingon till servering<\/li>\n<\/ul>\n<p>Du kan med f\u00f6rdel h\u00e4lla i smeten i tex en PET-flaska eller likande f\u00f6r enkel portionerande och transport.<\/p>\n<p>Helst skall den lagas \u00f6ver \u00f6ppen eld i gjutj\u00e4rnspanna, men g\u00e5r givetvis lika bra att k\u00f6ra p\u00e5 vedspisen eller givetvis gasol om s\u00e5 \u00e4r fallet.<\/p>\n<p><strong>S\u00e5 h\u00e4r g\u00f6r du:<\/strong><\/p>\n<ol class=\"u-bare-list c-recipe__instructions-steps-list u-ml--m c-recipe__instructions-steps-multi\">\n<li class=\"c-recipe__instructions-step u-ml--s\">Vispa ihop mj\u00f6l, vatten och salt i en bunke (ska du ut p\u00e5 spr\u00e5ng, h\u00e4ll \u00f6ver smeten i tex en PET-flaska). St\u00e4ll kallt minst 30 min.<\/li>\n<li class=\"c-recipe__instructions-step u-ml--s\">T\u00e4rna och stek fl\u00e4sket knaprigt i en gjutj\u00e4rnspanna. Lyft bort 3\/4 av fl\u00e4sket.<\/li>\n<li class=\"c-recipe__instructions-step u-ml--s\">Klicka ner lite sm\u00f6r i pannan och h\u00e4ll p\u00e5 1\/4 av smeten. Stek 3-4 min.<\/li>\n<li class=\"c-recipe__instructions-step u-ml--s\">V\u00e4nd p\u00e5 kolbullen och stek ytterligare 2-3 min.<\/li>\n<li class=\"c-recipe__instructions-step u-ml--s\">G\u00f6r likadant med resten av fl\u00e4sk och smet till fyra kolbullar.<\/li>\n<li class=\"c-recipe__instructions-step u-ml--s\">Servera kolbullen med lingonsylt eller r\u00e5r\u00f6rda lingon.<\/li>\n<\/ol>\n","protected":false},"excerpt":{"rendered":"<p>Detta \u00e4r en enkel r\u00e4tt med anor l\u00e5ngt bak i tiden, enkel, energirik och m\u00e4ttande, vilket \u00e4r under primitiva f\u00f6rh\u00e5llanden i skogen. F\u00f6rr var den vanligt f\u00f6rekommande bland annat kolare, skogshuggare, rallare och flottare som ofta stundtals levde spartanskt i &hellip; <a href=\"https:\/\/n\u00e4sberg.nu\/index.php\/recept\/kolbulle\/\">Forts\u00e4tt l\u00e4sa <span class=\"meta-nav\">&rarr;<\/span><\/a><\/p>\n","protected":false},"author":2,"featured_media":0,"parent":995,"menu_order":0,"comment_status":"closed","ping_status":"closed","template":"","meta":{"inline_featured_image":false,"_monsterinsights_skip_tracking":false,"_monsterinsights_sitenote_active":false,"_monsterinsights_sitenote_note":"","_monsterinsights_sitenote_category":0,"footnotes":""},"class_list":["post-1004","page","type-page","status-publish","hentry"],"_links":{"self":[{"href":"https:\/\/n\u00e4sberg.nu\/index.php\/wp-json\/wp\/v2\/pages\/1004","targetHints":{"allow":["GET"]}}],"collection":[{"href":"https:\/\/n\u00e4sberg.nu\/index.php\/wp-json\/wp\/v2\/pages"}],"about":[{"href":"https:\/\/n\u00e4sberg.nu\/index.php\/wp-json\/wp\/v2\/types\/page"}],"author":[{"embeddable":true,"href":"https:\/\/n\u00e4sberg.nu\/index.php\/wp-json\/wp\/v2\/users\/2"}],"replies":[{"embeddable":true,"href":"https:\/\/n\u00e4sberg.nu\/index.php\/wp-json\/wp\/v2\/comments?post=1004"}],"version-history":[{"count":6,"href":"https:\/\/n\u00e4sberg.nu\/index.php\/wp-json\/wp\/v2\/pages\/1004\/revisions"}],"predecessor-version":[{"id":1184,"href":"https:\/\/n\u00e4sberg.nu\/index.php\/wp-json\/wp\/v2\/pages\/1004\/revisions\/1184"}],"up":[{"embeddable":true,"href":"https:\/\/n\u00e4sberg.nu\/index.php\/wp-json\/wp\/v2\/pages\/995"}],"wp:attachment":[{"href":"https:\/\/n\u00e4sberg.nu\/index.php\/wp-json\/wp\/v2\/media?parent=1004"}],"curies":[{"name":"wp","href":"https:\/\/api.w.org\/{rel}","templated":true}]}}